{"id":4403,"date":"2026-02-26T00:33:09","date_gmt":"2026-02-26T00:33:09","guid":{"rendered":"https:\/\/dorantesadvisors.com\/?page_id=4403"},"modified":"2026-02-26T00:39:59","modified_gmt":"2026-02-26T00:39:59","slug":"asociaciones","status":"publish","type":"page","link":"https:\/\/dorantesadvisors.com\/en\/asociaciones\/","title":{"rendered":"Asociaciones"},"content":{"rendered":"<div data-elementor-type=\"wp-page\" data-elementor-id=\"4403\" class=\"elementor elementor-4403\">\n\t\t\t\t\t\t<section class=\"elementor-section elementor-top-section elementor-element elementor-element-02eec04 elementor-section-boxed elementor-section-height-default elementor-section-height-default\" data-id=\"02eec04\" data-element_type=\"section\">\n\t\t\t\t\t\t<div class=\"elementor-container elementor-column-gap-default\">\n\t\t\t\t\t<div class=\"elementor-column elementor-col-100 elementor-top-column elementor-element elementor-element-7b8be84\" data-id=\"7b8be84\" data-element_type=\"column\">\n\t\t\t<div class=\"elementor-widget-wrap elementor-element-populated\">\n\t\t\t\t\t\t<div class=\"elementor-element elementor-element-458ec1d elementor-widget elementor-widget-spacer\" data-id=\"458ec1d\" data-element_type=\"widget\" data-widget_type=\"spacer.default\">\n\t\t\t\t<div class=\"elementor-widget-container\">\n\t\t\t\t\t\t\t<div class=\"elementor-spacer\">\n\t\t\t<div class=\"elementor-spacer-inner\"><\/div>\n\t\t<\/div>\n\t\t\t\t\t\t<\/div>\n\t\t\t\t<\/div>\n\t\t\t\t\t<\/div>\n\t\t<\/div>\n\t\t\t\t\t<\/div>\n\t\t<\/section>\n\t\t\t\t<section class=\"elementor-section elementor-top-section elementor-element elementor-element-a1ef047 elementor-section-boxed elementor-section-height-default elementor-section-height-default\" data-id=\"a1ef047\" data-element_type=\"section\">\n\t\t\t\t\t\t<div class=\"elementor-container elementor-column-gap-default\">\n\t\t\t\t\t<div class=\"elementor-column elementor-col-100 elementor-top-column elementor-element elementor-element-bdfb6f1\" data-id=\"bdfb6f1\" data-element_type=\"column\">\n\t\t\t<div class=\"elementor-widget-wrap elementor-element-populated\">\n\t\t\t\t\t\t<div class=\"elementor-element elementor-element-56f86bc elementor-widget elementor-widget-spacer\" data-id=\"56f86bc\" data-element_type=\"widget\" data-widget_type=\"spacer.default\">\n\t\t\t\t<div class=\"elementor-widget-container\">\n\t\t\t\t\t\t\t<div class=\"elementor-spacer\">\n\t\t\t<div class=\"elementor-spacer-inner\"><\/div>\n\t\t<\/div>\n\t\t\t\t\t\t<\/div>\n\t\t\t\t<\/div>\n\t\t\t\t<div class=\"elementor-element elementor-element-1840ae1 elementor-widget elementor-widget-tmx-rexlaw_title\" data-id=\"1840ae1\" data-element_type=\"widget\" data-widget_type=\"tmx-rexlaw_title.default\">\n\t\t\t\t<div class=\"elementor-widget-container\">\n\t\t\t\t\t\t\t\t<div class=\"section_title_area text-center headline pera-content\">\n         <h2>Asociaciones<\/h2>\t\t\t<\/div>\n\t\t\t\t\t\t<\/div>\n\t\t\t\t<\/div>\n\t\t\t\t<div class=\"elementor-element elementor-element-2022a6f elementor-widget elementor-widget-spacer\" data-id=\"2022a6f\" data-element_type=\"widget\" data-widget_type=\"spacer.default\">\n\t\t\t\t<div class=\"elementor-widget-container\">\n\t\t\t\t\t\t\t<div class=\"elementor-spacer\">\n\t\t\t<div class=\"elementor-spacer-inner\"><\/div>\n\t\t<\/div>\n\t\t\t\t\t\t<\/div>\n\t\t\t\t<\/div>\n\t\t\t\t\t<\/div>\n\t\t<\/div>\n\t\t\t\t\t<\/div>\n\t\t<\/section>\n\t\t\t\t<section class=\"elementor-section elementor-top-section elementor-element elementor-element-6834c70 elementor-section-content-middle elementor-section-boxed elementor-section-height-default elementor-section-height-default\" data-id=\"6834c70\" data-element_type=\"section\">\n\t\t\t\t\t\t<div class=\"elementor-container elementor-column-gap-default\">\n\t\t\t\t\t<div class=\"elementor-column elementor-col-100 elementor-top-column elementor-element elementor-element-6623160\" data-id=\"6623160\" data-element_type=\"column\">\n\t\t\t<div class=\"elementor-widget-wrap elementor-element-populated\">\n\t\t\t\t\t\t<div class=\"elementor-element elementor-element-f100656 elementor-widget elementor-widget-text-editor\" data-id=\"f100656\" data-element_type=\"widget\" data-widget_type=\"text-editor.default\">\n\t\t\t\t<div class=\"elementor-widget-container\">\n\t\t\t\t\t\t\t\t\t<p>Dorantes Advisors is a member of the <strong>International Trademark Association (INTA) desde 2020,<\/strong>\u00a0y sus abogados participan activamente en diversos de sus \u00f3rganos, integrando el liderazgo de la asociaci\u00f3n:<\/p>\t\t\t\t\t\t\t\t<\/div>\n\t\t\t\t<\/div>\n\t\t\t\t<div class=\"elementor-element elementor-element-4ff4c79 elementor-widget elementor-widget-text-editor\" data-id=\"4ff4c79\" data-element_type=\"widget\" data-widget_type=\"text-editor.default\">\n\t\t\t\t<div class=\"elementor-widget-container\">\n\t\t\t\t\t\t\t\t\t<ul><li>Juan Antonio Dorantes S\u00e1nchez es copresidente del Comit\u00e9 de Asuntos Comerciales para el per\u00edodo 2026-2027, despu\u00e9s de haber fungido como Presidente del Subcomit\u00e9 de Tratados Internacionales y Armonizaci\u00f3n del Comit\u00e9 de Indicaciones Geogr\u00e1ficas (IG) en el per\u00edodo 2024-2025;<\/li><li>Daniela Elisa Cort\u00e9s Arroyo, Asociada Senior forma parte del Comit\u00e9 de IG para el per\u00edodo 2026-2027, y<\/li><li>Erika Acacitili Solano S\u00e1nchez, Asociada Junior, participa en el Comit\u00e9 de Restricciones de Marca para el per\u00edodo 2026-2027.<\/li><\/ul>\t\t\t\t\t\t\t\t<\/div>\n\t\t\t\t<\/div>\n\t\t\t\t<div class=\"elementor-element elementor-element-c4edf36 elementor-widget elementor-widget-text-editor\" data-id=\"c4edf36\" data-element_type=\"widget\" data-widget_type=\"text-editor.default\">\n\t\t\t\t<div class=\"elementor-widget-container\">\n\t\t\t\t\t\t\t\t\t<p>Asimismo, los abogados de Dorantes Advisors son miembros de la <strong>Asociaci\u00f3n Mexicana de Protecci\u00f3n a la Propiedad Intelectual (AMPPI):<\/strong><\/p>\t\t\t\t\t\t\t\t<\/div>\n\t\t\t\t<\/div>\n\t\t\t\t<div class=\"elementor-element elementor-element-241d4b5 elementor-widget elementor-widget-text-editor\" data-id=\"241d4b5\" data-element_type=\"widget\" data-widget_type=\"text-editor.default\">\n\t\t\t\t<div class=\"elementor-widget-container\">\n\t\t\t\t\t\t\t\t\t<ul><li>Juan Antonio Dorantes S\u00e1nchez es miembro del Consejo Directivo, y<\/li><li>Daniela Cort\u00e9s Arroyo se desempe\u00f1a como Presidenta del Comit\u00e9 de Tratados Internacionales.<\/li><\/ul>\t\t\t\t\t\t\t\t<\/div>\n\t\t\t\t<\/div>\n\t\t\t\t<div class=\"elementor-element elementor-element-575edf9 elementor-widget elementor-widget-text-editor\" data-id=\"575edf9\" data-element_type=\"widget\" data-widget_type=\"text-editor.default\">\n\t\t\t\t<div class=\"elementor-widget-container\">\n\t\t\t\t\t\t\t\t\t<p>Este involucramiento institucional refleja el compromiso activo de la firma con el desarrollo, fortalecimiento y promoci\u00f3n de la propiedad intelectual tanto a nivel nacional como internacional.<\/p>\t\t\t\t\t\t\t\t<\/div>\n\t\t\t\t<\/div>\n\t\t\t\t<div class=\"elementor-element elementor-element-abe81ca elementor-widget elementor-widget-text-editor\" data-id=\"abe81ca\" data-element_type=\"widget\" data-widget_type=\"text-editor.default\">\n\t\t\t\t<div class=\"elementor-widget-container\">\n\t\t\t\t\t\t\t\t\t<p>Dorantes Advisors tambi\u00e9n es miembro de The Coalition for North American Trade (CNAT), una alianza enfocada en el fortalecimiento y la ampliaci\u00f3n del comercio en el marco del Tratado entre M\u00e9xico, Estados Unidos y Canad\u00e1 (T-MEC); esta membres\u00eda es especialmente relevante para nuestros clientes, ya que nos permite mantenernos a la vanguardia de las discusiones regulatorias, legislativas y comerciales que impactan la regi\u00f3n, acceder a an\u00e1lisis especializados y espacios de di\u00e1logo con actores clave, y ofrecer una asesor\u00eda estrat\u00e9gica, actualizada y con una visi\u00f3n regional integral que anticipa riesgos y oportunidades en el comercio internacional.<\/p>\t\t\t\t\t\t\t\t<\/div>\n\t\t\t\t<\/div>\n\t\t\t\t\t<\/div>\n\t\t<\/div>\n\t\t\t\t\t<\/div>\n\t\t<\/section>\n\t\t<div class=\"elementor-element elementor-element-fa00df3 e-flex e-con-boxed e-con e-parent\" data-id=\"fa00df3\" data-element_type=\"container\">\n\t\t\t\t\t<div class=\"e-con-inner\">\n\t\t\t\t<div class=\"elementor-element elementor-element-05d2696 elementor-widget elementor-widget-spacer\" data-id=\"05d2696\" data-element_type=\"widget\" data-widget_type=\"spacer.default\">\n\t\t\t\t<div class=\"elementor-widget-container\">\n\t\t\t\t\t\t\t<div class=\"elementor-spacer\">\n\t\t\t<div class=\"elementor-spacer-inner\"><\/div>\n\t\t<\/div>\n\t\t\t\t\t\t<\/div>\n\t\t\t\t<\/div>\n\t\t\t\t\t<\/div>\n\t\t\t\t<\/div>\n\t\t\t\t<\/div>","protected":false},"excerpt":{"rendered":"Asociaciones Dorantes Advisors es miembro de la International Trademark Association (INTA) desde 2020,\u00a0y sus abogados participan activamente en diversos de sus \u00f3rganos, integrando el liderazgo de la asociaci\u00f3n: Juan Antonio Dorantes S\u00e1nchez es copresidente del Comit\u00e9 de Asuntos Comerciales para el per\u00edodo 2026-2027, despu\u00e9s de haber fungido como Presidente del Subcomit\u00e9 de Tratados Internacionales y","protected":false},"author":2,"featured_media":0,"parent":0,"menu_order":0,"comment_status":"closed","ping_status":"closed","template":"elementor_header_footer","meta":{"footnotes":""},"class_list":["post-4403","page","type-page","status-publish","hentry"],"yoast_head":"<!-- This site is optimized with the Yoast SEO plugin v26.6 - https:\/\/yoast.com\/wordpress\/plugins\/seo\/ -->\n<title>Asociaciones - Dorantes Advisors<\/title>\n<meta name=\"description\" content=\"Miembros de diversas asociaciones que reflejan nuestro compromiso por mantenernos a la vanguardia.\" \/>\n<meta name=\"robots\" content=\"index, follow, max-snippet:-1, max-image-preview:large, max-video-preview:-1\" \/>\n<link rel=\"canonical\" href=\"https:\/\/dorantesadvisors.com\/en\/asociaciones\/\" \/>\n<meta property=\"og:locale\" content=\"en_US\" \/>\n<meta property=\"og:type\" content=\"article\" \/>\n<meta property=\"og:title\" content=\"Asociaciones - Dorantes Advisors\" \/>\n<meta property=\"og:description\" content=\"Miembros de diversas asociaciones que reflejan nuestro compromiso por mantenernos a la vanguardia.\" \/>\n<meta property=\"og:url\" content=\"https:\/\/dorantesadvisors.com\/en\/asociaciones\/\" \/>\n<meta property=\"og:site_name\" content=\"Dorantes Advisors\" \/>\n<meta property=\"article:modified_time\" content=\"2026-02-26T00:39:59+00:00\" \/>\n<meta name=\"twitter:card\" content=\"summary_large_image\" \/>\n<meta name=\"twitter:label1\" content=\"Est. reading time\" \/>\n\t<meta name=\"twitter:data1\" content=\"2 minutes\" \/>\n<script type=\"application\/ld+json\" class=\"yoast-schema-graph\">{\"@context\":\"https:\/\/schema.org\",\"@graph\":[{\"@type\":\"WebPage\",\"@id\":\"https:\/\/dorantesadvisors.com\/asociaciones\/\",\"url\":\"https:\/\/dorantesadvisors.com\/asociaciones\/\",\"name\":\"Asociaciones - Dorantes Advisors\",\"isPartOf\":{\"@id\":\"https:\/\/dorantesadvisors.com\/#website\"},\"datePublished\":\"2026-02-26T00:33:09+00:00\",\"dateModified\":\"2026-02-26T00:39:59+00:00\",\"description\":\"Miembros de diversas asociaciones que reflejan nuestro compromiso por mantenernos a la vanguardia.\",\"breadcrumb\":{\"@id\":\"https:\/\/dorantesadvisors.com\/asociaciones\/#breadcrumb\"},\"inLanguage\":\"en-US\",\"potentialAction\":[{\"@type\":\"ReadAction\",\"target\":[\"https:\/\/dorantesadvisors.com\/asociaciones\/\"]}]},{\"@type\":\"BreadcrumbList\",\"@id\":\"https:\/\/dorantesadvisors.com\/asociaciones\/#breadcrumb\",\"itemListElement\":[{\"@type\":\"ListItem\",\"position\":1,\"name\":\"Inicio\",\"item\":\"https:\/\/dorantesadvisors.com\/\"},{\"@type\":\"ListItem\",\"position\":2,\"name\":\"Asociaciones\"}]},{\"@type\":\"WebSite\",\"@id\":\"https:\/\/dorantesadvisors.com\/#website\",\"url\":\"https:\/\/dorantesadvisors.com\/\",\"name\":\"Dorantes Advisors\",\"description\":\"Derecho y Asuntos Internacionales\",\"potentialAction\":[{\"@type\":\"SearchAction\",\"target\":{\"@type\":\"EntryPoint\",\"urlTemplate\":\"https:\/\/dorantesadvisors.com\/?s={search_term_string}\"},\"query-input\":{\"@type\":\"PropertyValueSpecification\",\"valueRequired\":true,\"valueName\":\"search_term_string\"}}],\"inLanguage\":\"en-US\"}]}<\/script>\n<!-- \/ Yoast SEO plugin. -->","yoast_head_json":{"title":"Asociaciones - Dorantes Advisors","description":"Miembros de diversas asociaciones que reflejan nuestro compromiso por mantenernos a la vanguardia.","robots":{"index":"index","follow":"follow","max-snippet":"max-snippet:-1","max-image-preview":"max-image-preview:large","max-video-preview":"max-video-preview:-1"},"canonical":"https:\/\/dorantesadvisors.com\/en\/asociaciones\/","og_locale":"en_US","og_type":"article","og_title":"Asociaciones - Dorantes Advisors","og_description":"Miembros de diversas asociaciones que reflejan nuestro compromiso por mantenernos a la vanguardia.","og_url":"https:\/\/dorantesadvisors.com\/en\/asociaciones\/","og_site_name":"Dorantes Advisors","article_modified_time":"2026-02-26T00:39:59+00:00","twitter_card":"summary_large_image","twitter_misc":{"Est. reading time":"2 minutes"},"schema":{"@context":"https:\/\/schema.org","@graph":[{"@type":"WebPage","@id":"https:\/\/dorantesadvisors.com\/asociaciones\/","url":"https:\/\/dorantesadvisors.com\/asociaciones\/","name":"Asociaciones - Dorantes Advisors","isPartOf":{"@id":"https:\/\/dorantesadvisors.com\/#website"},"datePublished":"2026-02-26T00:33:09+00:00","dateModified":"2026-02-26T00:39:59+00:00","description":"Miembros de diversas asociaciones que reflejan nuestro compromiso por mantenernos a la vanguardia.","breadcrumb":{"@id":"https:\/\/dorantesadvisors.com\/asociaciones\/#breadcrumb"},"inLanguage":"en-US","potentialAction":[{"@type":"ReadAction","target":["https:\/\/dorantesadvisors.com\/asociaciones\/"]}]},{"@type":"BreadcrumbList","@id":"https:\/\/dorantesadvisors.com\/asociaciones\/#breadcrumb","itemListElement":[{"@type":"ListItem","position":1,"name":"Inicio","item":"https:\/\/dorantesadvisors.com\/"},{"@type":"ListItem","position":2,"name":"Asociaciones"}]},{"@type":"WebSite","@id":"https:\/\/dorantesadvisors.com\/#website","url":"https:\/\/dorantesadvisors.com\/","name":"Dorantes Advisors","description":"Derecho y Asuntos Internacionales","potentialAction":[{"@type":"SearchAction","target":{"@type":"EntryPoint","urlTemplate":"https:\/\/dorantesadvisors.com\/?s={search_term_string}"},"query-input":{"@type":"PropertyValueSpecification","valueRequired":true,"valueName":"search_term_string"}}],"inLanguage":"en-US"}]}},"_links":{"self":[{"href":"https:\/\/dorantesadvisors.com\/en\/wp-json\/wp\/v2\/pages\/4403","targetHints":{"allow":["GET"]}}],"collection":[{"href":"https:\/\/dorantesadvisors.com\/en\/wp-json\/wp\/v2\/pages"}],"about":[{"href":"https:\/\/dorantesadvisors.com\/en\/wp-json\/wp\/v2\/types\/page"}],"author":[{"embeddable":true,"href":"https:\/\/dorantesadvisors.com\/en\/wp-json\/wp\/v2\/users\/2"}],"replies":[{"embeddable":true,"href":"https:\/\/dorantesadvisors.com\/en\/wp-json\/wp\/v2\/comments?post=4403"}],"version-history":[{"count":7,"href":"https:\/\/dorantesadvisors.com\/en\/wp-json\/wp\/v2\/pages\/4403\/revisions"}],"predecessor-version":[{"id":4410,"href":"https:\/\/dorantesadvisors.com\/en\/wp-json\/wp\/v2\/pages\/4403\/revisions\/4410"}],"wp:attachment":[{"href":"https:\/\/dorantesadvisors.com\/en\/wp-json\/wp\/v2\/media?parent=4403"}],"curies":[{"name":"wp","href":"https:\/\/api.w.org\/{rel}","templated":true}]}}