{"id":4385,"date":"2026-02-26T00:00:53","date_gmt":"2026-02-26T00:00:53","guid":{"rendered":"https:\/\/dorantesadvisors.com\/?page_id=4385"},"modified":"2026-02-26T00:42:06","modified_gmt":"2026-02-26T00:42:06","slug":"alianzas","status":"publish","type":"page","link":"https:\/\/dorantesadvisors.com\/en\/alianzas\/","title":{"rendered":"Alianzas"},"content":{"rendered":"<div data-elementor-type=\"wp-page\" data-elementor-id=\"4385\" class=\"elementor elementor-4385\">\n\t\t\t\t\t\t<section class=\"elementor-section elementor-top-section elementor-element elementor-element-02eec04 elementor-section-boxed elementor-section-height-default elementor-section-height-default\" data-id=\"02eec04\" data-element_type=\"section\">\n\t\t\t\t\t\t<div class=\"elementor-container elementor-column-gap-default\">\n\t\t\t\t\t<div class=\"elementor-column elementor-col-100 elementor-top-column elementor-element elementor-element-7b8be84\" data-id=\"7b8be84\" data-element_type=\"column\">\n\t\t\t<div class=\"elementor-widget-wrap elementor-element-populated\">\n\t\t\t\t\t\t<div class=\"elementor-element elementor-element-458ec1d elementor-widget elementor-widget-spacer\" data-id=\"458ec1d\" data-element_type=\"widget\" data-widget_type=\"spacer.default\">\n\t\t\t\t<div class=\"elementor-widget-container\">\n\t\t\t\t\t\t\t<div class=\"elementor-spacer\">\n\t\t\t<div class=\"elementor-spacer-inner\"><\/div>\n\t\t<\/div>\n\t\t\t\t\t\t<\/div>\n\t\t\t\t<\/div>\n\t\t\t\t\t<\/div>\n\t\t<\/div>\n\t\t\t\t\t<\/div>\n\t\t<\/section>\n\t\t\t\t<section class=\"elementor-section elementor-top-section elementor-element elementor-element-a1ef047 elementor-section-boxed elementor-section-height-default elementor-section-height-default\" data-id=\"a1ef047\" data-element_type=\"section\">\n\t\t\t\t\t\t<div class=\"elementor-container elementor-column-gap-default\">\n\t\t\t\t\t<div class=\"elementor-column elementor-col-100 elementor-top-column elementor-element elementor-element-bdfb6f1\" data-id=\"bdfb6f1\" data-element_type=\"column\">\n\t\t\t<div class=\"elementor-widget-wrap elementor-element-populated\">\n\t\t\t\t\t\t<div class=\"elementor-element elementor-element-56f86bc elementor-widget elementor-widget-spacer\" data-id=\"56f86bc\" data-element_type=\"widget\" data-widget_type=\"spacer.default\">\n\t\t\t\t<div class=\"elementor-widget-container\">\n\t\t\t\t\t\t\t<div class=\"elementor-spacer\">\n\t\t\t<div class=\"elementor-spacer-inner\"><\/div>\n\t\t<\/div>\n\t\t\t\t\t\t<\/div>\n\t\t\t\t<\/div>\n\t\t\t\t<div class=\"elementor-element elementor-element-1840ae1 elementor-widget elementor-widget-tmx-rexlaw_title\" data-id=\"1840ae1\" data-element_type=\"widget\" data-widget_type=\"tmx-rexlaw_title.default\">\n\t\t\t\t<div class=\"elementor-widget-container\">\n\t\t\t\t\t\t\t\t<div class=\"section_title_area text-center headline pera-content\">\n         <h2>Alianzas<\/h2>\t\t\t<\/div>\n\t\t\t\t\t\t<\/div>\n\t\t\t\t<\/div>\n\t\t\t\t<div class=\"elementor-element elementor-element-2022a6f elementor-widget elementor-widget-spacer\" data-id=\"2022a6f\" data-element_type=\"widget\" data-widget_type=\"spacer.default\">\n\t\t\t\t<div class=\"elementor-widget-container\">\n\t\t\t\t\t\t\t<div class=\"elementor-spacer\">\n\t\t\t<div class=\"elementor-spacer-inner\"><\/div>\n\t\t<\/div>\n\t\t\t\t\t\t<\/div>\n\t\t\t\t<\/div>\n\t\t\t\t\t<\/div>\n\t\t<\/div>\n\t\t\t\t\t<\/div>\n\t\t<\/section>\n\t\t\t\t<section class=\"elementor-section elementor-top-section elementor-element elementor-element-6834c70 elementor-section-content-middle elementor-section-boxed elementor-section-height-default elementor-section-height-default\" data-id=\"6834c70\" data-element_type=\"section\">\n\t\t\t\t\t\t<div class=\"elementor-container elementor-column-gap-default\">\n\t\t\t\t\t<div class=\"elementor-column elementor-col-100 elementor-top-column elementor-element elementor-element-6623160\" data-id=\"6623160\" data-element_type=\"column\">\n\t\t\t<div class=\"elementor-widget-wrap elementor-element-populated\">\n\t\t\t\t\t\t<div class=\"elementor-element elementor-element-f100656 elementor-widget elementor-widget-text-editor\" data-id=\"f100656\" data-element_type=\"widget\" data-widget_type=\"text-editor.default\">\n\t\t\t\t<div class=\"elementor-widget-container\">\n\t\t\t\t\t\t\t\t\t<p>Dorantes Advisors goza de una alianza estrat\u00e9gica con Akin Gump Strauss Hauer &amp; Feld LLP, firma full service con oficinas a lo largo y ancho de los Estados Unidos y presencia internacional.<\/p>\t\t\t\t\t\t\t\t<\/div>\n\t\t\t\t<\/div>\n\t\t\t\t<div class=\"elementor-element elementor-element-a41a4fb elementor-position-top elementor-widget elementor-widget-image-box\" data-id=\"a41a4fb\" data-element_type=\"widget\" data-settings=\"{&quot;_animation&quot;:&quot;none&quot;}\" data-widget_type=\"image-box.default\">\n\t\t\t\t<div class=\"elementor-widget-container\">\n\t\t\t\t\t<div class=\"elementor-image-box-wrapper\"><figure class=\"elementor-image-box-img\"><img fetchpriority=\"high\" decoding=\"async\" width=\"431\" height=\"117\" src=\"https:\/\/dorantesadvisors.com\/wp-content\/uploads\/2024\/10\/logo-akin-gump.webp\" class=\"attachment-full size-full wp-image-2613\" alt=\"\" srcset=\"https:\/\/dorantesadvisors.com\/wp-content\/uploads\/2024\/10\/logo-akin-gump.webp 431w, https:\/\/dorantesadvisors.com\/wp-content\/uploads\/2024\/10\/logo-akin-gump-300x81.webp 300w, https:\/\/dorantesadvisors.com\/wp-content\/uploads\/2024\/10\/logo-akin-gump-18x5.webp 18w, https:\/\/dorantesadvisors.com\/wp-content\/uploads\/2024\/10\/logo-akin-gump-20x5.webp 20w\" sizes=\"(max-width: 431px) 100vw, 431px\" \/><\/figure><\/div>\t\t\t\t<\/div>\n\t\t\t\t<\/div>\n\t\t\t\t<div class=\"elementor-element elementor-element-c4edf36 elementor-widget elementor-widget-text-editor\" data-id=\"c4edf36\" data-element_type=\"widget\" data-widget_type=\"text-editor.default\">\n\t\t\t\t<div class=\"elementor-widget-container\">\n\t\t\t\t\t\t\t\t\t<p>Asimismo, fortalecemos nuestra pr\u00e1ctica a trav\u00e9s de entendimientos con firmas altamente especializadas en M\u00e9xico y el extranjero, entre las que destacan Escart\u00edn Consumer (Mexico), Aguilar &amp; Loera (M\u00e9xico) &amp; Advertising Law y Competencia Legal (Colombia), lo que nos permite brindar soluciones integrales, multidisciplinarias y de alto valor agregado a nuestros clientes.<\/p>\t\t\t\t\t\t\t\t<\/div>\n\t\t\t\t<\/div>\n\t\t\t\t\t<\/div>\n\t\t<\/div>\n\t\t\t\t\t<\/div>\n\t\t<\/section>\n\t\t\t\t<section class=\"elementor-section elementor-top-section elementor-element elementor-element-408f231 elementor-section-content-middle elementor-section-boxed elementor-section-height-default elementor-section-height-default\" data-id=\"408f231\" data-element_type=\"section\" data-settings=\"{&quot;animation&quot;:&quot;none&quot;}\">\n\t\t\t\t\t\t<div class=\"elementor-container elementor-column-gap-default\">\n\t\t\t\t\t<div class=\"elementor-column elementor-col-33 elementor-top-column elementor-element elementor-element-6528db9\" data-id=\"6528db9\" data-element_type=\"column\">\n\t\t\t<div class=\"elementor-widget-wrap elementor-element-populated\">\n\t\t\t\t\t\t<div class=\"elementor-element elementor-element-cdca555 elementor-position-top elementor-widget elementor-widget-image-box\" data-id=\"cdca555\" data-element_type=\"widget\" data-widget_type=\"image-box.default\">\n\t\t\t\t<div class=\"elementor-widget-container\">\n\t\t\t\t\t<div class=\"elementor-image-box-wrapper\"><figure class=\"elementor-image-box-img\"><img decoding=\"async\" width=\"515\" height=\"233\" src=\"https:\/\/dorantesadvisors.com\/wp-content\/uploads\/2026\/02\/Escartin-Logo.webp\" class=\"attachment-full size-full wp-image-4387\" alt=\"\" srcset=\"https:\/\/dorantesadvisors.com\/wp-content\/uploads\/2026\/02\/Escartin-Logo.webp 515w, https:\/\/dorantesadvisors.com\/wp-content\/uploads\/2026\/02\/Escartin-Logo-300x136.webp 300w, https:\/\/dorantesadvisors.com\/wp-content\/uploads\/2026\/02\/Escartin-Logo-18x8.webp 18w, https:\/\/dorantesadvisors.com\/wp-content\/uploads\/2026\/02\/Escartin-Logo-20x9.webp 20w\" sizes=\"(max-width: 515px) 100vw, 515px\" \/><\/figure><\/div>\t\t\t\t<\/div>\n\t\t\t\t<\/div>\n\t\t\t\t\t<\/div>\n\t\t<\/div>\n\t\t\t\t<div class=\"elementor-column elementor-col-33 elementor-top-column elementor-element elementor-element-3fd4365\" data-id=\"3fd4365\" data-element_type=\"column\" data-settings=\"{&quot;animation&quot;:&quot;none&quot;}\">\n\t\t\t<div class=\"elementor-widget-wrap elementor-element-populated\">\n\t\t\t\t\t\t<div class=\"elementor-element elementor-element-3923ad7 elementor-position-top elementor-invisible elementor-widget elementor-widget-image-box\" data-id=\"3923ad7\" data-element_type=\"widget\" data-settings=\"{&quot;_animation&quot;:&quot;fadeIn&quot;}\" data-widget_type=\"image-box.default\">\n\t\t\t\t<div class=\"elementor-widget-container\">\n\t\t\t\t\t<div class=\"elementor-image-box-wrapper\"><figure class=\"elementor-image-box-img\"><img decoding=\"async\" width=\"187\" height=\"129\" src=\"https:\/\/dorantesadvisors.com\/wp-content\/uploads\/2026\/02\/Aguilar-Loera-Logo.webp\" class=\"elementor-animation-grow attachment-full size-full wp-image-4389\" alt=\"\" srcset=\"https:\/\/dorantesadvisors.com\/wp-content\/uploads\/2026\/02\/Aguilar-Loera-Logo.webp 187w, https:\/\/dorantesadvisors.com\/wp-content\/uploads\/2026\/02\/Aguilar-Loera-Logo-18x12.webp 18w, https:\/\/dorantesadvisors.com\/wp-content\/uploads\/2026\/02\/Aguilar-Loera-Logo-20x14.webp 20w\" sizes=\"(max-width: 187px) 100vw, 187px\" \/><\/figure><\/div>\t\t\t\t<\/div>\n\t\t\t\t<\/div>\n\t\t\t\t\t<\/div>\n\t\t<\/div>\n\t\t\t\t<div class=\"elementor-column elementor-col-33 elementor-top-column elementor-element elementor-element-6b69261\" data-id=\"6b69261\" data-element_type=\"column\">\n\t\t\t<div class=\"elementor-widget-wrap elementor-element-populated\">\n\t\t\t\t\t\t<div class=\"elementor-element elementor-element-2cf489f elementor-position-top elementor-invisible elementor-widget elementor-widget-image-box\" data-id=\"2cf489f\" data-element_type=\"widget\" data-settings=\"{&quot;_animation&quot;:&quot;fadeIn&quot;}\" data-widget_type=\"image-box.default\">\n\t\t\t\t<div class=\"elementor-widget-container\">\n\t\t\t\t\t<div class=\"elementor-image-box-wrapper\"><figure class=\"elementor-image-box-img\"><img loading=\"lazy\" decoding=\"async\" width=\"271\" height=\"88\" src=\"https:\/\/dorantesadvisors.com\/wp-content\/uploads\/2026\/02\/Competencia-Legal-Logo.webp\" class=\"elementor-animation-grow attachment-full size-full wp-image-4388\" alt=\"\" srcset=\"https:\/\/dorantesadvisors.com\/wp-content\/uploads\/2026\/02\/Competencia-Legal-Logo.webp 271w, https:\/\/dorantesadvisors.com\/wp-content\/uploads\/2026\/02\/Competencia-Legal-Logo-18x6.webp 18w, https:\/\/dorantesadvisors.com\/wp-content\/uploads\/2026\/02\/Competencia-Legal-Logo-20x6.webp 20w\" sizes=\"(max-width: 271px) 100vw, 271px\" \/><\/figure><\/div>\t\t\t\t<\/div>\n\t\t\t\t<\/div>\n\t\t\t\t\t<\/div>\n\t\t<\/div>\n\t\t\t\t\t<\/div>\n\t\t<\/section>\n\t\t<div class=\"elementor-element elementor-element-fa00df3 e-flex e-con-boxed e-con e-parent\" data-id=\"fa00df3\" data-element_type=\"container\">\n\t\t\t\t\t<div class=\"e-con-inner\">\n\t\t\t\t<div class=\"elementor-element elementor-element-05d2696 elementor-widget elementor-widget-spacer\" data-id=\"05d2696\" data-element_type=\"widget\" data-widget_type=\"spacer.default\">\n\t\t\t\t<div class=\"elementor-widget-container\">\n\t\t\t\t\t\t\t<div class=\"elementor-spacer\">\n\t\t\t<div class=\"elementor-spacer-inner\"><\/div>\n\t\t<\/div>\n\t\t\t\t\t\t<\/div>\n\t\t\t\t<\/div>\n\t\t\t\t\t<\/div>\n\t\t\t\t<\/div>\n\t\t\t\t<\/div>","protected":false},"excerpt":{"rendered":"Alianzas Dorantes Advisors goza de una alianza estrat\u00e9gica con Akin Gump Strauss Hauer &amp; Feld LLP, firma full service con oficinas a lo largo y ancho de los Estados Unidos y presencia internacional. Asimismo, fortalecemos nuestra pr\u00e1ctica a trav\u00e9s de entendimientos con firmas altamente especializadas en M\u00e9xico y el extranjero, entre las que destacan Escart\u00edn","protected":false},"author":2,"featured_media":0,"parent":0,"menu_order":0,"comment_status":"closed","ping_status":"closed","template":"elementor_header_footer","meta":{"footnotes":""},"class_list":["post-4385","page","type-page","status-publish","hentry"],"yoast_head":"<!-- This site is optimized with the Yoast SEO plugin v26.6 - https:\/\/yoast.com\/wordpress\/plugins\/seo\/ -->\n<title>Alianzas - Dorantes Advisors<\/title>\n<meta name=\"description\" content=\"Diversas alianzas estrat\u00e9gicas que fortalecen nuestra pr\u00e1ctica a trav\u00e9s de firmas altamente especializadas.\" \/>\n<meta name=\"robots\" content=\"index, follow, max-snippet:-1, max-image-preview:large, max-video-preview:-1\" \/>\n<link rel=\"canonical\" href=\"https:\/\/dorantesadvisors.com\/en\/alianzas\/\" \/>\n<meta property=\"og:locale\" content=\"en_US\" \/>\n<meta property=\"og:type\" content=\"article\" \/>\n<meta property=\"og:title\" content=\"Alianzas - Dorantes Advisors\" \/>\n<meta property=\"og:description\" content=\"Diversas alianzas estrat\u00e9gicas que fortalecen nuestra pr\u00e1ctica a trav\u00e9s de firmas altamente especializadas.\" \/>\n<meta property=\"og:url\" content=\"https:\/\/dorantesadvisors.com\/en\/alianzas\/\" \/>\n<meta property=\"og:site_name\" content=\"Dorantes Advisors\" \/>\n<meta property=\"article:modified_time\" content=\"2026-02-26T00:42:06+00:00\" \/>\n<meta property=\"og:image\" content=\"https:\/\/dorantesadvisors.com\/wp-content\/uploads\/2024\/10\/logo-akin-gump.webp\" \/>\n<meta name=\"twitter:card\" content=\"summary_large_image\" \/>\n<meta name=\"twitter:label1\" content=\"Est. reading time\" \/>\n\t<meta name=\"twitter:data1\" content=\"2 minutes\" \/>\n<script type=\"application\/ld+json\" class=\"yoast-schema-graph\">{\"@context\":\"https:\/\/schema.org\",\"@graph\":[{\"@type\":\"WebPage\",\"@id\":\"https:\/\/dorantesadvisors.com\/alianzas\/\",\"url\":\"https:\/\/dorantesadvisors.com\/alianzas\/\",\"name\":\"Alianzas - Dorantes Advisors\",\"isPartOf\":{\"@id\":\"https:\/\/dorantesadvisors.com\/#website\"},\"primaryImageOfPage\":{\"@id\":\"https:\/\/dorantesadvisors.com\/alianzas\/#primaryimage\"},\"image\":{\"@id\":\"https:\/\/dorantesadvisors.com\/alianzas\/#primaryimage\"},\"thumbnailUrl\":\"https:\/\/dorantesadvisors.com\/wp-content\/uploads\/2024\/10\/logo-akin-gump.webp\",\"datePublished\":\"2026-02-26T00:00:53+00:00\",\"dateModified\":\"2026-02-26T00:42:06+00:00\",\"description\":\"Diversas alianzas estrat\u00e9gicas que fortalecen nuestra pr\u00e1ctica a trav\u00e9s de firmas altamente especializadas.\",\"breadcrumb\":{\"@id\":\"https:\/\/dorantesadvisors.com\/alianzas\/#breadcrumb\"},\"inLanguage\":\"en-US\",\"potentialAction\":[{\"@type\":\"ReadAction\",\"target\":[\"https:\/\/dorantesadvisors.com\/alianzas\/\"]}]},{\"@type\":\"ImageObject\",\"inLanguage\":\"en-US\",\"@id\":\"https:\/\/dorantesadvisors.com\/alianzas\/#primaryimage\",\"url\":\"https:\/\/dorantesadvisors.com\/wp-content\/uploads\/2024\/10\/logo-akin-gump.webp\",\"contentUrl\":\"https:\/\/dorantesadvisors.com\/wp-content\/uploads\/2024\/10\/logo-akin-gump.webp\"},{\"@type\":\"BreadcrumbList\",\"@id\":\"https:\/\/dorantesadvisors.com\/alianzas\/#breadcrumb\",\"itemListElement\":[{\"@type\":\"ListItem\",\"position\":1,\"name\":\"Inicio\",\"item\":\"https:\/\/dorantesadvisors.com\/\"},{\"@type\":\"ListItem\",\"position\":2,\"name\":\"Alianzas\"}]},{\"@type\":\"WebSite\",\"@id\":\"https:\/\/dorantesadvisors.com\/#website\",\"url\":\"https:\/\/dorantesadvisors.com\/\",\"name\":\"Dorantes Advisors\",\"description\":\"Derecho y Asuntos Internacionales\",\"potentialAction\":[{\"@type\":\"SearchAction\",\"target\":{\"@type\":\"EntryPoint\",\"urlTemplate\":\"https:\/\/dorantesadvisors.com\/?s={search_term_string}\"},\"query-input\":{\"@type\":\"PropertyValueSpecification\",\"valueRequired\":true,\"valueName\":\"search_term_string\"}}],\"inLanguage\":\"en-US\"}]}<\/script>\n<!-- \/ Yoast SEO plugin. -->","yoast_head_json":{"title":"Alianzas - Dorantes Advisors","description":"Diversas alianzas estrat\u00e9gicas que fortalecen nuestra pr\u00e1ctica a trav\u00e9s de firmas altamente especializadas.","robots":{"index":"index","follow":"follow","max-snippet":"max-snippet:-1","max-image-preview":"max-image-preview:large","max-video-preview":"max-video-preview:-1"},"canonical":"https:\/\/dorantesadvisors.com\/en\/alianzas\/","og_locale":"en_US","og_type":"article","og_title":"Alianzas - Dorantes Advisors","og_description":"Diversas alianzas estrat\u00e9gicas que fortalecen nuestra pr\u00e1ctica a trav\u00e9s de firmas altamente especializadas.","og_url":"https:\/\/dorantesadvisors.com\/en\/alianzas\/","og_site_name":"Dorantes Advisors","article_modified_time":"2026-02-26T00:42:06+00:00","og_image":[{"url":"https:\/\/dorantesadvisors.com\/wp-content\/uploads\/2024\/10\/logo-akin-gump.webp","type":"","width":"","height":""}],"twitter_card":"summary_large_image","twitter_misc":{"Est. reading time":"2 minutes"},"schema":{"@context":"https:\/\/schema.org","@graph":[{"@type":"WebPage","@id":"https:\/\/dorantesadvisors.com\/alianzas\/","url":"https:\/\/dorantesadvisors.com\/alianzas\/","name":"Alianzas - Dorantes Advisors","isPartOf":{"@id":"https:\/\/dorantesadvisors.com\/#website"},"primaryImageOfPage":{"@id":"https:\/\/dorantesadvisors.com\/alianzas\/#primaryimage"},"image":{"@id":"https:\/\/dorantesadvisors.com\/alianzas\/#primaryimage"},"thumbnailUrl":"https:\/\/dorantesadvisors.com\/wp-content\/uploads\/2024\/10\/logo-akin-gump.webp","datePublished":"2026-02-26T00:00:53+00:00","dateModified":"2026-02-26T00:42:06+00:00","description":"Diversas alianzas estrat\u00e9gicas que fortalecen nuestra pr\u00e1ctica a trav\u00e9s de firmas altamente especializadas.","breadcrumb":{"@id":"https:\/\/dorantesadvisors.com\/alianzas\/#breadcrumb"},"inLanguage":"en-US","potentialAction":[{"@type":"ReadAction","target":["https:\/\/dorantesadvisors.com\/alianzas\/"]}]},{"@type":"ImageObject","inLanguage":"en-US","@id":"https:\/\/dorantesadvisors.com\/alianzas\/#primaryimage","url":"https:\/\/dorantesadvisors.com\/wp-content\/uploads\/2024\/10\/logo-akin-gump.webp","contentUrl":"https:\/\/dorantesadvisors.com\/wp-content\/uploads\/2024\/10\/logo-akin-gump.webp"},{"@type":"BreadcrumbList","@id":"https:\/\/dorantesadvisors.com\/alianzas\/#breadcrumb","itemListElement":[{"@type":"ListItem","position":1,"name":"Inicio","item":"https:\/\/dorantesadvisors.com\/"},{"@type":"ListItem","position":2,"name":"Alianzas"}]},{"@type":"WebSite","@id":"https:\/\/dorantesadvisors.com\/#website","url":"https:\/\/dorantesadvisors.com\/","name":"Dorantes Advisors","description":"Derecho y Asuntos Internacionales","potentialAction":[{"@type":"SearchAction","target":{"@type":"EntryPoint","urlTemplate":"https:\/\/dorantesadvisors.com\/?s={search_term_string}"},"query-input":{"@type":"PropertyValueSpecification","valueRequired":true,"valueName":"search_term_string"}}],"inLanguage":"en-US"}]}},"_links":{"self":[{"href":"https:\/\/dorantesadvisors.com\/en\/wp-json\/wp\/v2\/pages\/4385","targetHints":{"allow":["GET"]}}],"collection":[{"href":"https:\/\/dorantesadvisors.com\/en\/wp-json\/wp\/v2\/pages"}],"about":[{"href":"https:\/\/dorantesadvisors.com\/en\/wp-json\/wp\/v2\/types\/page"}],"author":[{"embeddable":true,"href":"https:\/\/dorantesadvisors.com\/en\/wp-json\/wp\/v2\/users\/2"}],"replies":[{"embeddable":true,"href":"https:\/\/dorantesadvisors.com\/en\/wp-json\/wp\/v2\/comments?post=4385"}],"version-history":[{"count":10,"href":"https:\/\/dorantesadvisors.com\/en\/wp-json\/wp\/v2\/pages\/4385\/revisions"}],"predecessor-version":[{"id":4399,"href":"https:\/\/dorantesadvisors.com\/en\/wp-json\/wp\/v2\/pages\/4385\/revisions\/4399"}],"wp:attachment":[{"href":"https:\/\/dorantesadvisors.com\/en\/wp-json\/wp\/v2\/media?parent=4385"}],"curies":[{"name":"wp","href":"https:\/\/api.w.org\/{rel}","templated":true}]}}