{"id":2403,"date":"2024-10-09T03:32:08","date_gmt":"2024-10-09T03:32:08","guid":{"rendered":"https:\/\/dorantesadvisors.com\/?page_id=2403"},"modified":"2025-12-19T18:32:13","modified_gmt":"2025-12-19T18:32:13","slug":"equipo","status":"publish","type":"page","link":"https:\/\/dorantesadvisors.com\/en\/equipo\/","title":{"rendered":"Team"},"content":{"rendered":"<div data-elementor-type=\"wp-page\" data-elementor-id=\"2403\" class=\"elementor elementor-2403\">\n\t\t\t\t\t\t<section class=\"elementor-section elementor-top-section elementor-element elementor-element-6834c70 elementor-section-full_width elementor-section-height-default elementor-section-height-default\" data-id=\"6834c70\" data-element_type=\"section\">\n\t\t\t\t\t\t<div class=\"elementor-container elementor-column-gap-no\">\n\t\t\t\t\t<div class=\"elementor-column elementor-col-50 elementor-top-column elementor-element elementor-element-6623160 elementor-invisible\" data-id=\"6623160\" data-element_type=\"column\" data-settings=\"{&quot;background_background&quot;:&quot;classic&quot;,&quot;animation&quot;:&quot;fadeInLeft&quot;}\">\n\t\t\t<div class=\"elementor-widget-wrap elementor-element-populated\">\n\t\t\t\t\t<div class=\"elementor-background-overlay\"><\/div>\n\t\t\t\t\t\t<div class=\"elementor-element elementor-element-de52d93 elementor-widget elementor-widget-heading\" data-id=\"de52d93\" data-element_type=\"widget\" data-widget_type=\"heading.default\">\n\t\t\t\t<div class=\"elementor-widget-container\">\n\t\t\t\t\t<p class=\"elementor-heading-title elementor-size-default\">Dorantes Advisors has integrated one\nof the most skilled teams in\ninternational lawyers and experts.<br>\n<br>\nA multidisciplinary approach is\nWhat differentiates us from other firms\nof lawyers.<\/p>\t\t\t\t<\/div>\n\t\t\t\t<\/div>\n\t\t\t\t\t<\/div>\n\t\t<\/div>\n\t\t\t\t<div class=\"elementor-column elementor-col-50 elementor-top-column elementor-element elementor-element-b1ec11a elementor-invisible\" data-id=\"b1ec11a\" data-element_type=\"column\" data-settings=\"{&quot;animation&quot;:&quot;fadeInRight&quot;}\">\n\t\t\t<div class=\"elementor-widget-wrap elementor-element-populated\">\n\t\t\t\t\t\t<div class=\"elementor-element elementor-element-b0d6721 elementor-widget elementor-widget-image\" data-id=\"b0d6721\" data-element_type=\"widget\" data-widget_type=\"image.default\">\n\t\t\t\t<div class=\"elementor-widget-container\">\n\t\t\t\t\t\t\t\t\t\t\t\t\t\t\t<img fetchpriority=\"high\" decoding=\"async\" width=\"1024\" height=\"622\" src=\"https:\/\/dorantesadvisors.com\/wp-content\/uploads\/2024\/10\/1348-1024x622.webp\" class=\"attachment-large size-large wp-image-2405\" alt=\"\" srcset=\"https:\/\/dorantesadvisors.com\/wp-content\/uploads\/2024\/10\/1348-1024x622.webp 1024w, https:\/\/dorantesadvisors.com\/wp-content\/uploads\/2024\/10\/1348-300x182.webp 300w, https:\/\/dorantesadvisors.com\/wp-content\/uploads\/2024\/10\/1348-768x467.webp 768w, https:\/\/dorantesadvisors.com\/wp-content\/uploads\/2024\/10\/1348-1536x934.webp 1536w, https:\/\/dorantesadvisors.com\/wp-content\/uploads\/2024\/10\/1348.webp 1920w\" sizes=\"(max-width: 1024px) 100vw, 1024px\" \/>\t\t\t\t\t\t\t\t\t\t\t\t\t\t\t<\/div>\n\t\t\t\t<\/div>\n\t\t\t\t\t<\/div>\n\t\t<\/div>\n\t\t\t\t\t<\/div>\n\t\t<\/section>\n\t\t\t\t<section class=\"elementor-section elementor-top-section elementor-element elementor-element-839c315 home-equipo elementor-section-boxed elementor-section-height-default elementor-section-height-default\" data-id=\"839c315\" data-element_type=\"section\" data-settings=\"{&quot;background_background&quot;:&quot;classic&quot;}\">\n\t\t\t\t\t\t\t<div class=\"elementor-background-overlay\"><\/div>\n\t\t\t\t\t\t\t<div class=\"elementor-container elementor-column-gap-default\">\n\t\t\t\t\t<div class=\"elementor-column elementor-col-100 elementor-top-column elementor-element elementor-element-a25c4e9\" data-id=\"a25c4e9\" data-element_type=\"column\">\n\t\t\t<div class=\"elementor-widget-wrap elementor-element-populated\">\n\t\t\t\t\t\t<div class=\"elementor-element elementor-element-bad1310 elementor-invisible elementor-widget elementor-widget-tmx-rexlaw_title\" data-id=\"bad1310\" data-element_type=\"widget\" data-settings=\"{&quot;_animation&quot;:&quot;fadeInUp&quot;}\" data-widget_type=\"tmx-rexlaw_title.default\">\n\t\t\t\t<div class=\"elementor-widget-container\">\n\t\t\t\t\t\t\t\t<div class=\"section_title_area text-center headline pera-content\">\n         <p><span class=\"title_shape_left\"><\/span>our<span class=\"title_shape_right\"><\/span><\/p><h2>Team<\/h2>\t\t\t<\/div>\n\t\t\t\t\t\t<\/div>\n\t\t\t\t<\/div>\n\t\t\t\t<div class=\"elementor-element elementor-element-5e29fdc home-team elementor-invisible elementor-widget elementor-widget-tmx-team\" data-id=\"5e29fdc\" data-element_type=\"widget\" data-settings=\"{&quot;_animation&quot;:&quot;fadeInUp&quot;}\" data-widget_type=\"tmx-team.default\">\n\t\t\t\t<div class=\"elementor-widget-container\">\n\t\t\t\t\t\n\t\t\t\t<section class=\"team_section\">\n\t\t\t\t\t<div class=\"container\">\n\t\t\t\t\t\t<div class=\"team_member_content\">\n\t\t\t\t\t\t\t<div class=\"row\">\n\t\t\t\t\t\t\t\t\t\t\t\t\t\t          <div class=\"col-lg-3 col-md-6\">\n\t\t\t\t\t\t\t\t\t\t\t\t<div class=\"team_img_text wow fadeInLeft\" data-wow-delay=\"0ms\" data-wow-duration=\"0ms\">\n\t\t\t\t\t\t\t\t\t    \t  \t\t\t\t\t\t\t\t\t\t\t\t\t\t<div class=\"team_img_link relative-position\">\n\t\t\t\t\t\t\t\t\t\t\t\t\t\t\t\t\t\t\t\t\t\t\t\t\t            <div class=\"team_img\">\n\t\t\t\t\t\t\t\t\t\t               <img decoding=\"async\" src=\"https:\/\/dorantesadvisors.com\/wp-content\/uploads\/2024\/09\/Juan-Antonio-Dorantes-Sanchez-1.webp\" alt=\"\">\n\t\t\t\t\t\t\t\t\t\t            <\/div>\n\t\t\t\t\t\t\t           \t\t\t\t\t\t\t\t\t\t           \t\t\t\t\t\t\t\t\t\t\t\t\t\t\t\t\t<\/div>\n\t\t\t\t\t\t\t\t\t\t\t\t\t\t<div class=\"team_text_details text-center headline pera-content\">\n\t\t\t\t\t\t\t\t\t\t\t\t\t\t\t<h3><a href=\"https:\/\/dorantesadvisors.com\/en\/team\/juan-antonio-dorantes-sanchez\/\">Juan Antonio Dorantes S\u00e1nchez<\/a><\/h3>\n\t\t\t\t\t\t\t\t\t\t\t\t\t\t\t<span class=\"designation\">Managing Partner<\/span>\t\t\t\t\t\t\t\t\t\t\t\t\t\t<\/div>\n\t\t\t\t\t\t\t\t\t\t\t\t\t\t\t\t\t\t\t\t\t\t\t\t\t<\/div>\n\t\t\t\t\t\t\t\t\t\t\t<\/div>\n\n\t\t\t\t\t\t\t\t\t\t\t\t\t          <div class=\"col-lg-3 col-md-6\">\n\t\t\t\t\t\t\t\t\t\t\t\t<div class=\"team_img_text wow fadeInLeft\" data-wow-delay=\"300ms\" data-wow-duration=\"300ms\">\n\t\t\t\t\t\t\t\t\t    \t  \t\t\t\t\t\t\t\t\t\t\t\t\t\t<div class=\"team_img_link relative-position\">\n\t\t\t\t\t\t\t\t\t\t\t\t\t\t\t\t\t\t\t\t\t\t\t\t\t            <div class=\"team_img\">\n\t\t\t\t\t\t\t\t\t\t               <img decoding=\"async\" src=\"https:\/\/dorantesadvisors.com\/wp-content\/uploads\/2024\/09\/Daniela-Elisa-Cortes-Arroyo-1.webp\" alt=\"\">\n\t\t\t\t\t\t\t\t\t\t            <\/div>\n\t\t\t\t\t\t\t           \t\t\t\t\t\t\t\t\t\t           \t\t\t\t\t\t\t\t\t\t\t\t\t\t\t\t\t<\/div>\n\t\t\t\t\t\t\t\t\t\t\t\t\t\t<div class=\"team_text_details text-center headline pera-content\">\n\t\t\t\t\t\t\t\t\t\t\t\t\t\t\t<h3><a href=\"https:\/\/dorantesadvisors.com\/en\/team\/daniela-elisa-cortes-arroyo\/\">Daniela Elisa Cort\u00e9s Arroyo<\/a><\/h3>\n\t\t\t\t\t\t\t\t\t\t\t\t\t\t\t<span class=\"designation\">Senior Associate<\/span>\t\t\t\t\t\t\t\t\t\t\t\t\t\t<\/div>\n\t\t\t\t\t\t\t\t\t\t\t\t\t\t\t\t\t\t\t\t\t\t\t\t\t<\/div>\n\t\t\t\t\t\t\t\t\t\t\t<\/div>\n\n\t\t\t\t\t\t\t\t\t\t\t\t\t          <div class=\"col-lg-3 col-md-6\">\n\t\t\t\t\t\t\t\t\t\t\t\t<div class=\"team_img_text wow fadeInLeft\" data-wow-delay=\"600ms\" data-wow-duration=\"600ms\">\n\t\t\t\t\t\t\t\t\t    \t  \t\t\t\t\t\t\t\t\t\t\t\t\t\t<div class=\"team_img_link relative-position\">\n\t\t\t\t\t\t\t\t\t\t\t\t\t\t\t\t\t\t\t\t\t\t\t\t\t            <div class=\"team_img\">\n\t\t\t\t\t\t\t\t\t\t               <img decoding=\"async\" src=\"https:\/\/dorantesadvisors.com\/wp-content\/uploads\/2024\/09\/Karen-Badillo-Medina.webp\" alt=\"\">\n\t\t\t\t\t\t\t\t\t\t            <\/div>\n\t\t\t\t\t\t\t           \t\t\t\t\t\t\t\t\t\t           \t\t\t\t\t\t\t\t\t\t\t\t\t\t\t\t\t<\/div>\n\t\t\t\t\t\t\t\t\t\t\t\t\t\t<div class=\"team_text_details text-center headline pera-content\">\n\t\t\t\t\t\t\t\t\t\t\t\t\t\t\t<h3><a href=\"https:\/\/dorantesadvisors.com\/en\/team\/karen-badillo-medina\/\">Karen Badillo Medina<\/a><\/h3>\n\t\t\t\t\t\t\t\t\t\t\t\t\t\t\t<span class=\"designation\">Junior Associate<\/span>\t\t\t\t\t\t\t\t\t\t\t\t\t\t<\/div>\n\t\t\t\t\t\t\t\t\t\t\t\t\t\t\t\t\t\t\t\t\t\t\t\t\t<\/div>\n\t\t\t\t\t\t\t\t\t\t\t<\/div>\n\n\t\t\t\t\t\t\t\t\t\t\t\t\t          <div class=\"col-lg-3 col-md-6\">\n\t\t\t\t\t\t\t\t\t\t\t\t<div class=\"team_img_text wow fadeInLeft\" data-wow-delay=\"900ms\" data-wow-duration=\"900ms\">\n\t\t\t\t\t\t\t\t\t    \t  \t\t\t\t\t\t\t\t\t\t\t\t\t\t<div class=\"team_img_link relative-position\">\n\t\t\t\t\t\t\t\t\t\t\t\t\t\t\t\t\t\t\t\t\t\t\t\t\t            <div class=\"team_img\">\n\t\t\t\t\t\t\t\t\t\t               <img decoding=\"async\" src=\"https:\/\/dorantesadvisors.com\/wp-content\/uploads\/2024\/09\/Erika-Acacitli-Solano-Sanchez.webp\" alt=\"\">\n\t\t\t\t\t\t\t\t\t\t            <\/div>\n\t\t\t\t\t\t\t           \t\t\t\t\t\t\t\t\t\t           \t\t\t\t\t\t\t\t\t\t\t\t\t\t\t\t\t<\/div>\n\t\t\t\t\t\t\t\t\t\t\t\t\t\t<div class=\"team_text_details text-center headline pera-content\">\n\t\t\t\t\t\t\t\t\t\t\t\t\t\t\t<h3><a href=\"https:\/\/dorantesadvisors.com\/en\/team\/erika-acacitli-sanchez\/\">Erika Acacitli S\u00e1nchez<\/a><\/h3>\n\t\t\t\t\t\t\t\t\t\t\t\t\t\t\t<span class=\"designation\">Junior Associate<\/span>\t\t\t\t\t\t\t\t\t\t\t\t\t\t<\/div>\n\t\t\t\t\t\t\t\t\t\t\t\t\t\t\t\t\t\t\t\t\t\t\t\t\t<\/div>\n\t\t\t\t\t\t\t\t\t\t\t<\/div>\n\n\t\t\t\t\t\t\t\t\t\t\t\t\t          <div class=\"col-lg-3 col-md-6\">\n\t\t\t\t\t\t\t\t\t\t\t\t<div class=\"team_img_text\" data-wow-delay=\"\" data-wow-duration=\"\">\n\t\t\t\t\t\t\t\t\t    \t  \t\t\t\t\t\t\t\t\t\t\t\t\t\t<div class=\"team_img_link relative-position\">\n\t\t\t\t\t\t\t\t\t\t\t\t\t\t\t\t\t\t\t\t\t\t\t\t\t            <div class=\"team_img\">\n\t\t\t\t\t\t\t\t\t\t               <img decoding=\"async\" src=\"https:\/\/dorantesadvisors.com\/wp-content\/uploads\/2024\/09\/Alejandro-Gonzalez.webp\" alt=\"\">\n\t\t\t\t\t\t\t\t\t\t            <\/div>\n\t\t\t\t\t\t\t           \t\t\t\t\t\t\t\t\t\t           \t\t\t\t\t\t\t\t\t\t\t\t\t\t\t\t\t<\/div>\n\t\t\t\t\t\t\t\t\t\t\t\t\t\t<div class=\"team_text_details text-center headline pera-content\">\n\t\t\t\t\t\t\t\t\t\t\t\t\t\t\t<h3><a href=\"https:\/\/dorantesadvisors.com\/en\/team\/alejandro-manuel-gonzalez-garcia\/\">Alejandro Manuel Gonz\u00e1lez Garc\u00eda<\/a><\/h3>\n\t\t\t\t\t\t\t\t\t\t\t\t\t\t\t<span class=\"designation\">Of Counsel<\/span>\t\t\t\t\t\t\t\t\t\t\t\t\t\t<\/div>\n\t\t\t\t\t\t\t\t\t\t\t\t\t\t\t\t\t\t\t\t\t\t\t\t\t<\/div>\n\t\t\t\t\t\t\t\t\t\t\t<\/div>\n\n\t\t\t\t\t\t\t\t\t\t\t\t\t          <div class=\"col-lg-3 col-md-6\">\n\t\t\t\t\t\t\t\t\t\t\t\t<div class=\"team_img_text\" data-wow-delay=\"\" data-wow-duration=\"\">\n\t\t\t\t\t\t\t\t\t    \t  \t\t\t\t\t\t\t\t\t\t\t\t\t\t<div class=\"team_img_link relative-position\">\n\t\t\t\t\t\t\t\t\t\t\t\t\t\t\t\t\t\t\t\t\t\t\t\t\t            <div class=\"team_img\">\n\t\t\t\t\t\t\t\t\t\t               <img decoding=\"async\" src=\"https:\/\/dorantesadvisors.com\/wp-content\/uploads\/2026\/02\/FOTO-EMM.webp\" alt=\"\">\n\t\t\t\t\t\t\t\t\t\t            <\/div>\n\t\t\t\t\t\t\t           \t\t\t\t\t\t\t\t\t\t           \t\t\t\t\t\t\t\t\t\t\t\t\t\t\t\t\t<\/div>\n\t\t\t\t\t\t\t\t\t\t\t\t\t\t<div class=\"team_text_details text-center headline pera-content\">\n\t\t\t\t\t\t\t\t\t\t\t\t\t\t\t<h3><a href=\"https:\/\/dorantesadvisors.com\/en\/team\/enriqueta-molina-macias\/\">Enriqueta Molina Mac\u00edas<\/a><\/h3>\n\t\t\t\t\t\t\t\t\t\t\t\t\t\t\t<span class=\"designation\">Of Counsel<\/span>\t\t\t\t\t\t\t\t\t\t\t\t\t\t<\/div>\n\t\t\t\t\t\t\t\t\t\t\t\t\t\t\t\t\t\t\t\t\t\t\t\t\t<\/div>\n\t\t\t\t\t\t\t\t\t\t\t<\/div>\n\n\t\t\t\t\t\t\t\t\t\t\t\t\t          <div class=\"col-lg-3 col-md-6\">\n\t\t\t\t\t\t\t\t\t\t\t\t<div class=\"team_img_text\" data-wow-delay=\"\" data-wow-duration=\"\">\n\t\t\t\t\t\t\t\t\t    \t  \t\t\t\t\t\t\t\t\t\t\t\t\t\t<div class=\"team_img_link relative-position\">\n\t\t\t\t\t\t\t\t\t\t\t\t\t\t\t\t\t\t\t\t\t\t\t\t\t            <div class=\"team_img\">\n\t\t\t\t\t\t\t\t\t\t               <img decoding=\"async\" src=\"https:\/\/dorantesadvisors.com\/wp-content\/uploads\/2026\/02\/FOTO-MAMM.jpeg\" alt=\"\">\n\t\t\t\t\t\t\t\t\t\t            <\/div>\n\t\t\t\t\t\t\t           \t\t\t\t\t\t\t\t\t\t           \t\t\t\t\t\t\t\t\t\t\t\t\t\t\t\t\t<\/div>\n\t\t\t\t\t\t\t\t\t\t\t\t\t\t<div class=\"team_text_details text-center headline pera-content\">\n\t\t\t\t\t\t\t\t\t\t\t\t\t\t\t<h3><a href=\"https:\/\/dorantesadvisors.com\/en\/team\/marco-antonio-morales-montes\/\">Marco Antonio Morales Montes<\/a><\/h3>\n\t\t\t\t\t\t\t\t\t\t\t\t\t\t\t<span class=\"designation\">Of Counsel<\/span>\t\t\t\t\t\t\t\t\t\t\t\t\t\t<\/div>\n\t\t\t\t\t\t\t\t\t\t\t\t\t\t\t\t\t\t\t\t\t\t\t\t\t<\/div>\n\t\t\t\t\t\t\t\t\t\t\t<\/div>\n\n\t\t\t\t\t\t\t\t\t\t\t\t\t          <div class=\"col-lg-3 col-md-6\">\n\t\t\t\t\t\t\t\t\t\t\t\t<div class=\"team_img_text\" data-wow-delay=\"\" data-wow-duration=\"\">\n\t\t\t\t\t\t\t\t\t    \t  \t\t\t\t\t\t\t\t\t\t\t\t\t\t<div class=\"team_img_link relative-position\">\n\t\t\t\t\t\t\t\t\t\t\t\t\t\t\t\t\t\t\t\t\t\t\t\t\t            <div class=\"team_img\">\n\t\t\t\t\t\t\t\t\t\t               <img decoding=\"async\" src=\"https:\/\/dorantesadvisors.com\/wp-content\/uploads\/2025\/10\/Claudia-Hernandez.webp\" alt=\"\">\n\t\t\t\t\t\t\t\t\t\t            <\/div>\n\t\t\t\t\t\t\t           \t\t\t\t\t\t\t\t\t\t           \t\t\t\t\t\t\t\t\t\t\t\t\t\t\t\t\t<\/div>\n\t\t\t\t\t\t\t\t\t\t\t\t\t\t<div class=\"team_text_details text-center headline pera-content\">\n\t\t\t\t\t\t\t\t\t\t\t\t\t\t\t<h3><a href=\"https:\/\/dorantesadvisors.com\/en\/team\/claudia-belem-hernandez-lopez\/\">Claudia Belem Hern\u00e1ndez L\u00f3pez<\/a><\/h3>\n\t\t\t\t\t\t\t\t\t\t\t\t\t\t\t<span class=\"designation\">Intern<\/span>\t\t\t\t\t\t\t\t\t\t\t\t\t\t<\/div>\n\t\t\t\t\t\t\t\t\t\t\t\t\t\t\t\t\t\t\t\t\t\t\t\t\t<\/div>\n\t\t\t\t\t\t\t\t\t\t\t<\/div>\n\n\t\t\t\t\t\t\t\t\t\t\t\t\t          <div class=\"col-lg-3 col-md-6\">\n\t\t\t\t\t\t\t\t\t\t\t\t<div class=\"team_img_text\" data-wow-delay=\"\" data-wow-duration=\"\">\n\t\t\t\t\t\t\t\t\t    \t  \t\t\t\t\t\t\t\t\t\t\t\t\t\t<div class=\"team_img_link relative-position\">\n\t\t\t\t\t\t\t\t\t\t\t\t\t\t\t\t\t\t\t\t\t\t\t\t\t            <div class=\"team_img\">\n\t\t\t\t\t\t\t\t\t\t               <img decoding=\"async\" src=\"https:\/\/dorantesadvisors.com\/wp-content\/uploads\/2024\/09\/Claudia-Ortiz.webp\" alt=\"\">\n\t\t\t\t\t\t\t\t\t\t            <\/div>\n\t\t\t\t\t\t\t           \t\t\t\t\t\t\t\t\t\t           \t\t\t\t\t\t\t\t\t\t\t\t\t\t\t\t\t<\/div>\n\t\t\t\t\t\t\t\t\t\t\t\t\t\t<div class=\"team_text_details text-center headline pera-content\">\n\t\t\t\t\t\t\t\t\t\t\t\t\t\t\t<h3><a href=\"https:\/\/dorantesadvisors.com\/en\/team\/claudia-fernanda-ortiz-ramirez\/\">Claudia Fernanda Ort\u00edz Ram\u00edrez<\/a><\/h3>\n\t\t\t\t\t\t\t\t\t\t\t\t\t\t\t<span class=\"designation\">Intern<\/span>\t\t\t\t\t\t\t\t\t\t\t\t\t\t<\/div>\n\t\t\t\t\t\t\t\t\t\t\t\t\t\t\t\t\t\t\t\t\t\t\t\t\t<\/div>\n\t\t\t\t\t\t\t\t\t\t\t<\/div>\n\n\t\t\t\t\t\t\t\t\t\t\t\t\t          <div class=\"col-lg-3 col-md-6\">\n\t\t\t\t\t\t\t\t\t\t\t\t<div class=\"team_img_text\" data-wow-delay=\"\" data-wow-duration=\"\">\n\t\t\t\t\t\t\t\t\t    \t  \t\t\t\t\t\t\t\t\t\t\t\t\t\t<div class=\"team_img_link relative-position\">\n\t\t\t\t\t\t\t\t\t\t\t\t\t\t\t\t\t\t\t\t\t\t\t\t\t            <div class=\"team_img\">\n\t\t\t\t\t\t\t\t\t\t               <img decoding=\"async\" src=\"https:\/\/dorantesadvisors.com\/wp-content\/uploads\/2026\/03\/FOTO-VOP-2.webp\" alt=\"\">\n\t\t\t\t\t\t\t\t\t\t            <\/div>\n\t\t\t\t\t\t\t           \t\t\t\t\t\t\t\t\t\t           \t\t\t\t\t\t\t\t\t\t\t\t\t\t\t\t\t<\/div>\n\t\t\t\t\t\t\t\t\t\t\t\t\t\t<div class=\"team_text_details text-center headline pera-content\">\n\t\t\t\t\t\t\t\t\t\t\t\t\t\t\t<h3><a href=\"https:\/\/dorantesadvisors.com\/en\/team\/veronica-ortega-perez\/\">Ver\u00f3nica Ortega P\u00e9rez<\/a><\/h3>\n\t\t\t\t\t\t\t\t\t\t\t\t\t\t\t<span class=\"designation\">Administrative Director<\/span>\t\t\t\t\t\t\t\t\t\t\t\t\t\t<\/div>\n\t\t\t\t\t\t\t\t\t\t\t\t\t\t\t\t\t\t\t\t\t\t\t\t\t<\/div>\n\t\t\t\t\t\t\t\t\t\t\t<\/div>\n\n\t\t\t\t\t\t\t\t\t\t\t\t\t\t<\/div>\n\t\t\t\t\t\t<\/div>\n\t\t\t\t\t<\/div>\n\t\t\t\t<\/section>\n\t\t\t\t\t\t\t\t\t<\/div>\n\t\t\t\t<\/div>\n\t\t\t\t<div class=\"elementor-element elementor-element-22131b3 elementor-widget elementor-widget-spacer\" data-id=\"22131b3\" data-element_type=\"widget\" data-widget_type=\"spacer.default\">\n\t\t\t\t<div class=\"elementor-widget-container\">\n\t\t\t\t\t\t\t<div class=\"elementor-spacer\">\n\t\t\t<div class=\"elementor-spacer-inner\"><\/div>\n\t\t<\/div>\n\t\t\t\t\t\t<\/div>\n\t\t\t\t<\/div>\n\t\t\t\t\t<\/div>\n\t\t<\/div>\n\t\t\t\t\t<\/div>\n\t\t<\/section>\n\t\t\t\t<section class=\"elementor-section elementor-top-section elementor-element elementor-element-02eec04 elementor-section-boxed elementor-section-height-default elementor-section-height-default\" data-id=\"02eec04\" data-element_type=\"section\">\n\t\t\t\t\t\t<div class=\"elementor-container elementor-column-gap-default\">\n\t\t\t\t\t<div class=\"elementor-column elementor-col-100 elementor-top-column elementor-element elementor-element-7b8be84\" data-id=\"7b8be84\" data-element_type=\"column\">\n\t\t\t<div class=\"elementor-widget-wrap elementor-element-populated\">\n\t\t\t\t\t\t<div class=\"elementor-element elementor-element-458ec1d elementor-widget elementor-widget-spacer\" data-id=\"458ec1d\" data-element_type=\"widget\" data-widget_type=\"spacer.default\">\n\t\t\t\t<div class=\"elementor-widget-container\">\n\t\t\t\t\t\t\t<div class=\"elementor-spacer\">\n\t\t\t<div class=\"elementor-spacer-inner\"><\/div>\n\t\t<\/div>\n\t\t\t\t\t\t<\/div>\n\t\t\t\t<\/div>\n\t\t\t\t\t<\/div>\n\t\t<\/div>\n\t\t\t\t\t<\/div>\n\t\t<\/section>\n\t\t\t\t<\/div>","protected":false},"excerpt":{"rendered":"Dorantes Advisors ha integrado uno de los equipos m\u00e1s h\u00e1biles de abogados y expertos internacionales. Un enfoque multidisciplinario es lo que nos diferencia de otras firmas de abogados. NUESTRO Equipo Juan Antonio Dorantes S\u00e1nchez Socio Director Yazm\u00edn Mart\u00ednez Mezquita Directora De Comercio y Compliance Daniela Elisa Cort\u00e9s Arroyo Asociada Senior Karen Badillo Medina Asociada Junior","protected":false},"author":1,"featured_media":4056,"parent":0,"menu_order":0,"comment_status":"closed","ping_status":"closed","template":"elementor_header_footer","meta":{"footnotes":""},"class_list":["post-2403","page","type-page","status-publish","has-post-thumbnail","hentry"],"yoast_head":"<!-- This site is optimized with the Yoast SEO plugin v26.6 - https:\/\/yoast.com\/wordpress\/plugins\/seo\/ -->\n<title>Equipo - Dorantes Advisors<\/title>\n<meta name=\"description\" content=\"Uno de los equipos m\u00e1s h\u00e1biles de abogados y expertos internacionales con un enfoque multidisciplinario que nos diferencia de otras firmas.\" \/>\n<meta name=\"robots\" content=\"index, follow, max-snippet:-1, max-image-preview:large, max-video-preview:-1\" \/>\n<link rel=\"canonical\" href=\"https:\/\/dorantesadvisors.com\/en\/equipo\/\" \/>\n<meta property=\"og:locale\" content=\"en_US\" \/>\n<meta property=\"og:type\" content=\"article\" \/>\n<meta property=\"og:title\" content=\"Equipo - Dorantes Advisors\" \/>\n<meta property=\"og:description\" content=\"Uno de los equipos m\u00e1s h\u00e1biles de abogados y expertos internacionales con un enfoque multidisciplinario que nos diferencia de otras firmas.\" \/>\n<meta property=\"og:url\" content=\"https:\/\/dorantesadvisors.com\/en\/equipo\/\" \/>\n<meta property=\"og:site_name\" content=\"Dorantes Advisors\" \/>\n<meta property=\"article:modified_time\" content=\"2025-12-19T18:32:13+00:00\" \/>\n<meta property=\"og:image\" content=\"https:\/\/dorantesadvisors.com\/wp-content\/uploads\/2024\/11\/pexels-fauxels-3184416.webp\" \/>\n\t<meta property=\"og:image:width\" content=\"1920\" \/>\n\t<meta property=\"og:image:height\" content=\"1280\" \/>\n\t<meta property=\"og:image:type\" content=\"image\/webp\" \/>\n<meta name=\"twitter:card\" content=\"summary_large_image\" \/>\n<meta name=\"twitter:label1\" content=\"Est. reading time\" \/>\n\t<meta name=\"twitter:data1\" content=\"3 minutes\" \/>\n<script type=\"application\/ld+json\" class=\"yoast-schema-graph\">{\"@context\":\"https:\/\/schema.org\",\"@graph\":[{\"@type\":\"WebPage\",\"@id\":\"https:\/\/dorantesadvisors.com\/equipo\/\",\"url\":\"https:\/\/dorantesadvisors.com\/equipo\/\",\"name\":\"Equipo - Dorantes Advisors\",\"isPartOf\":{\"@id\":\"https:\/\/dorantesadvisors.com\/#website\"},\"primaryImageOfPage\":{\"@id\":\"https:\/\/dorantesadvisors.com\/equipo\/#primaryimage\"},\"image\":{\"@id\":\"https:\/\/dorantesadvisors.com\/equipo\/#primaryimage\"},\"thumbnailUrl\":\"https:\/\/dorantesadvisors.com\/wp-content\/uploads\/2024\/11\/pexels-fauxels-3184416.webp\",\"datePublished\":\"2024-10-09T03:32:08+00:00\",\"dateModified\":\"2025-12-19T18:32:13+00:00\",\"description\":\"Uno de los equipos m\u00e1s h\u00e1biles de abogados y expertos internacionales con un enfoque multidisciplinario que nos diferencia de otras firmas.\",\"breadcrumb\":{\"@id\":\"https:\/\/dorantesadvisors.com\/equipo\/#breadcrumb\"},\"inLanguage\":\"en-US\",\"potentialAction\":[{\"@type\":\"ReadAction\",\"target\":[\"https:\/\/dorantesadvisors.com\/equipo\/\"]}]},{\"@type\":\"ImageObject\",\"inLanguage\":\"en-US\",\"@id\":\"https:\/\/dorantesadvisors.com\/equipo\/#primaryimage\",\"url\":\"https:\/\/dorantesadvisors.com\/wp-content\/uploads\/2024\/11\/pexels-fauxels-3184416.webp\",\"contentUrl\":\"https:\/\/dorantesadvisors.com\/wp-content\/uploads\/2024\/11\/pexels-fauxels-3184416.webp\",\"width\":1920,\"height\":1280},{\"@type\":\"BreadcrumbList\",\"@id\":\"https:\/\/dorantesadvisors.com\/equipo\/#breadcrumb\",\"itemListElement\":[{\"@type\":\"ListItem\",\"position\":1,\"name\":\"Inicio\",\"item\":\"https:\/\/dorantesadvisors.com\/\"},{\"@type\":\"ListItem\",\"position\":2,\"name\":\"Equipo\"}]},{\"@type\":\"WebSite\",\"@id\":\"https:\/\/dorantesadvisors.com\/#website\",\"url\":\"https:\/\/dorantesadvisors.com\/\",\"name\":\"Dorantes Advisors\",\"description\":\"Derecho y Asuntos Internacionales\",\"potentialAction\":[{\"@type\":\"SearchAction\",\"target\":{\"@type\":\"EntryPoint\",\"urlTemplate\":\"https:\/\/dorantesadvisors.com\/?s={search_term_string}\"},\"query-input\":{\"@type\":\"PropertyValueSpecification\",\"valueRequired\":true,\"valueName\":\"search_term_string\"}}],\"inLanguage\":\"en-US\"}]}<\/script>\n<!-- \/ Yoast SEO plugin. -->","yoast_head_json":{"title":"Equipo - Dorantes Advisors","description":"Uno de los equipos m\u00e1s h\u00e1biles de abogados y expertos internacionales con un enfoque multidisciplinario que nos diferencia de otras firmas.","robots":{"index":"index","follow":"follow","max-snippet":"max-snippet:-1","max-image-preview":"max-image-preview:large","max-video-preview":"max-video-preview:-1"},"canonical":"https:\/\/dorantesadvisors.com\/en\/equipo\/","og_locale":"en_US","og_type":"article","og_title":"Equipo - Dorantes Advisors","og_description":"Uno de los equipos m\u00e1s h\u00e1biles de abogados y expertos internacionales con un enfoque multidisciplinario que nos diferencia de otras firmas.","og_url":"https:\/\/dorantesadvisors.com\/en\/equipo\/","og_site_name":"Dorantes Advisors","article_modified_time":"2025-12-19T18:32:13+00:00","og_image":[{"width":1920,"height":1280,"url":"https:\/\/dorantesadvisors.com\/wp-content\/uploads\/2024\/11\/pexels-fauxels-3184416.webp","type":"image\/webp"}],"twitter_card":"summary_large_image","twitter_misc":{"Est. reading time":"3 minutes"},"schema":{"@context":"https:\/\/schema.org","@graph":[{"@type":"WebPage","@id":"https:\/\/dorantesadvisors.com\/equipo\/","url":"https:\/\/dorantesadvisors.com\/equipo\/","name":"Equipo - Dorantes Advisors","isPartOf":{"@id":"https:\/\/dorantesadvisors.com\/#website"},"primaryImageOfPage":{"@id":"https:\/\/dorantesadvisors.com\/equipo\/#primaryimage"},"image":{"@id":"https:\/\/dorantesadvisors.com\/equipo\/#primaryimage"},"thumbnailUrl":"https:\/\/dorantesadvisors.com\/wp-content\/uploads\/2024\/11\/pexels-fauxels-3184416.webp","datePublished":"2024-10-09T03:32:08+00:00","dateModified":"2025-12-19T18:32:13+00:00","description":"Uno de los equipos m\u00e1s h\u00e1biles de abogados y expertos internacionales con un enfoque multidisciplinario que nos diferencia de otras firmas.","breadcrumb":{"@id":"https:\/\/dorantesadvisors.com\/equipo\/#breadcrumb"},"inLanguage":"en-US","potentialAction":[{"@type":"ReadAction","target":["https:\/\/dorantesadvisors.com\/equipo\/"]}]},{"@type":"ImageObject","inLanguage":"en-US","@id":"https:\/\/dorantesadvisors.com\/equipo\/#primaryimage","url":"https:\/\/dorantesadvisors.com\/wp-content\/uploads\/2024\/11\/pexels-fauxels-3184416.webp","contentUrl":"https:\/\/dorantesadvisors.com\/wp-content\/uploads\/2024\/11\/pexels-fauxels-3184416.webp","width":1920,"height":1280},{"@type":"BreadcrumbList","@id":"https:\/\/dorantesadvisors.com\/equipo\/#breadcrumb","itemListElement":[{"@type":"ListItem","position":1,"name":"Inicio","item":"https:\/\/dorantesadvisors.com\/"},{"@type":"ListItem","position":2,"name":"Equipo"}]},{"@type":"WebSite","@id":"https:\/\/dorantesadvisors.com\/#website","url":"https:\/\/dorantesadvisors.com\/","name":"Dorantes Advisors","description":"Derecho y Asuntos Internacionales","potentialAction":[{"@type":"SearchAction","target":{"@type":"EntryPoint","urlTemplate":"https:\/\/dorantesadvisors.com\/?s={search_term_string}"},"query-input":{"@type":"PropertyValueSpecification","valueRequired":true,"valueName":"search_term_string"}}],"inLanguage":"en-US"}]}},"_links":{"self":[{"href":"https:\/\/dorantesadvisors.com\/en\/wp-json\/wp\/v2\/pages\/2403","targetHints":{"allow":["GET"]}}],"collection":[{"href":"https:\/\/dorantesadvisors.com\/en\/wp-json\/wp\/v2\/pages"}],"about":[{"href":"https:\/\/dorantesadvisors.com\/en\/wp-json\/wp\/v2\/types\/page"}],"author":[{"embeddable":true,"href":"https:\/\/dorantesadvisors.com\/en\/wp-json\/wp\/v2\/users\/1"}],"replies":[{"embeddable":true,"href":"https:\/\/dorantesadvisors.com\/en\/wp-json\/wp\/v2\/comments?post=2403"}],"version-history":[{"count":58,"href":"https:\/\/dorantesadvisors.com\/en\/wp-json\/wp\/v2\/pages\/2403\/revisions"}],"predecessor-version":[{"id":3805,"href":"https:\/\/dorantesadvisors.com\/en\/wp-json\/wp\/v2\/pages\/2403\/revisions\/3805"}],"wp:featuredmedia":[{"embeddable":true,"href":"https:\/\/dorantesadvisors.com\/en\/wp-json\/wp\/v2\/media\/4056"}],"wp:attachment":[{"href":"https:\/\/dorantesadvisors.com\/en\/wp-json\/wp\/v2\/media?parent=2403"}],"curies":[{"name":"wp","href":"https:\/\/api.w.org\/{rel}","templated":true}]}}