{"id":2368,"date":"2024-10-09T01:12:45","date_gmt":"2024-10-09T01:12:45","guid":{"rendered":"https:\/\/dorantesadvisors.com\/?page_id=2368"},"modified":"2025-12-19T19:26:57","modified_gmt":"2025-12-19T19:26:57","slug":"logros-recientes","status":"publish","type":"page","link":"https:\/\/dorantesadvisors.com\/en\/logros-recientes\/","title":{"rendered":"Recent Achievements"},"content":{"rendered":"<div data-elementor-type=\"wp-page\" data-elementor-id=\"2368\" class=\"elementor elementor-2368\">\n\t\t\t\t\t\t<section class=\"elementor-section elementor-top-section elementor-element elementor-element-2820387 elementor-section-boxed elementor-section-height-default elementor-section-height-default\" data-id=\"2820387\" data-element_type=\"section\">\n\t\t\t\t\t\t<div class=\"elementor-container elementor-column-gap-default\">\n\t\t\t\t\t<div class=\"elementor-column elementor-col-100 elementor-top-column elementor-element elementor-element-90a3c29\" data-id=\"90a3c29\" data-element_type=\"column\">\n\t\t\t<div class=\"elementor-widget-wrap elementor-element-populated\">\n\t\t\t\t\t\t<div class=\"elementor-element elementor-element-2583f82 elementor-widget elementor-widget-spacer\" data-id=\"2583f82\" data-element_type=\"widget\" data-widget_type=\"spacer.default\">\n\t\t\t\t<div class=\"elementor-widget-container\">\n\t\t\t\t\t\t\t<div class=\"elementor-spacer\">\n\t\t\t<div class=\"elementor-spacer-inner\"><\/div>\n\t\t<\/div>\n\t\t\t\t\t\t<\/div>\n\t\t\t\t<\/div>\n\t\t\t\t\t<\/div>\n\t\t<\/div>\n\t\t\t\t\t<\/div>\n\t\t<\/section>\n\t\t\t\t<section class=\"elementor-section elementor-top-section elementor-element elementor-element-6834c70 elementor-section-boxed elementor-section-height-default elementor-section-height-default\" data-id=\"6834c70\" data-element_type=\"section\">\n\t\t\t\t\t\t<div class=\"elementor-container elementor-column-gap-default\">\n\t\t\t\t\t<div class=\"elementor-column elementor-col-50 elementor-top-column elementor-element elementor-element-6623160\" data-id=\"6623160\" data-element_type=\"column\">\n\t\t\t<div class=\"elementor-widget-wrap elementor-element-populated\">\n\t\t\t\t\t\t<div class=\"elementor-element elementor-element-37b70bf logros elementor-widget elementor-widget-accordion\" data-id=\"37b70bf\" data-element_type=\"widget\" data-widget_type=\"accordion.default\">\n\t\t\t\t<div class=\"elementor-widget-container\">\n\t\t\t\t\t\t\t<div class=\"elementor-accordion\">\n\t\t\t\t\t\t\t<div class=\"elementor-accordion-item\">\n\t\t\t\t\t<div id=\"elementor-tab-title-5841\" class=\"elementor-tab-title\" data-tab=\"1\" role=\"button\" aria-controls=\"elementor-tab-content-5841\" aria-expanded=\"false\">\n\t\t\t\t\t\t\t\t\t\t\t\t\t<span class=\"elementor-accordion-icon elementor-accordion-icon-left\" aria-hidden=\"true\">\n\t\t\t\t\t\t\t\t\t\t\t\t\t\t\t<span class=\"elementor-accordion-icon-closed\"><svg class=\"e-font-icon-svg e-fas-plus\" viewbox=\"0 0 448 512\" xmlns=\"http:\/\/www.w3.org\/2000\/svg\"><path d=\"M416 208H272V64c0-17.67-14.33-32-32-32h-32c-17.67 0-32 14.33-32 32v144H32c-17.67 0-32 14.33-32 32v32c0 17.67 14.33 32 32 32h144v144c0 17.67 14.33 32 32 32h32c17.67 0 32-14.33 32-32V304h144c17.67 0 32-14.33 32-32v-32c0-17.67-14.33-32-32-32z\"><\/path><\/svg><\/span>\n\t\t\t\t\t\t\t\t<span class=\"elementor-accordion-icon-opened\"><svg class=\"e-font-icon-svg e-fas-minus\" viewbox=\"0 0 448 512\" xmlns=\"http:\/\/www.w3.org\/2000\/svg\"><path d=\"M416 208H32c-17.67 0-32 14.33-32 32v32c0 17.67 14.33 32 32 32h384c17.67 0 32-14.33 32-32v-32c0-17.67-14.33-32-32-32z\"><\/path><\/svg><\/span>\n\t\t\t\t\t\t\t\t\t\t\t\t\t\t<\/span>\n\t\t\t\t\t\t\t\t\t\t\t\t<a class=\"elementor-accordion-title\" tabindex=\"0\">Regulatory Law<\/a>\n\t\t\t\t\t<\/div>\n\t\t\t\t\t<div id=\"elementor-tab-content-5841\" class=\"elementor-tab-content elementor-clearfix\" data-tab=\"1\" role=\"region\" aria-labelledby=\"elementor-tab-title-5841\"><p>We successfully ensured that our clients\u2019 concerns and interests were positively reflected in various legal instruments, utilizing legal disciplines related to standardization and regulatory improvement, including:<br><br>The amendment to the Mexican Official Standard NOM-051-SCFI\/SSA1-2010, General Specifications for Labeling of Prepackaged Non-Alcoholic Foods and Beverages - Commercial and Health Information, published on April 5, 2010 (NOM-051);<br><br>The Conformity Assessment Procedure of the Mexican Official Standard NOM-223-SCFI\/SAGARPA-2018, Cheese - Denomination, Specifications, Commercial Information, and Testing Methods, published on January 31, 2019; and <br><br>The Agreement establishing inspection criteria related to subcontracting in the export agroindustry.<br><br>We promoted that the Secretariat of Economy issue application criteria for NOM-051 concerning raw materials, bulk products, and inputs not intended for final consumers (food service), which are excluded from the scope of NOM-051 and, therefore, are not required to demonstrate compliance at the point of entry into the country. <br><br>In support of a multinational dairy products company, we successfully managed to have COFEPRIS acknowledge that the prohibition on using characters under section 4.1.5 of NOM-051 did not apply to certain products, as they were not specifically targeted at children, nor did they encourage consumption among this demographic.<\/p><\/div>\n\t\t\t\t<\/div>\n\t\t\t\t\t\t\t<div class=\"elementor-accordion-item\">\n\t\t\t\t\t<div id=\"elementor-tab-title-5842\" class=\"elementor-tab-title\" data-tab=\"2\" role=\"button\" aria-controls=\"elementor-tab-content-5842\" aria-expanded=\"false\">\n\t\t\t\t\t\t\t\t\t\t\t\t\t<span class=\"elementor-accordion-icon elementor-accordion-icon-left\" aria-hidden=\"true\">\n\t\t\t\t\t\t\t\t\t\t\t\t\t\t\t<span class=\"elementor-accordion-icon-closed\"><svg class=\"e-font-icon-svg e-fas-plus\" viewbox=\"0 0 448 512\" xmlns=\"http:\/\/www.w3.org\/2000\/svg\"><path d=\"M416 208H272V64c0-17.67-14.33-32-32-32h-32c-17.67 0-32 14.33-32 32v144H32c-17.67 0-32 14.33-32 32v32c0 17.67 14.33 32 32 32h144v144c0 17.67 14.33 32 32 32h32c17.67 0 32-14.33 32-32V304h144c17.67 0 32-14.33 32-32v-32c0-17.67-14.33-32-32-32z\"><\/path><\/svg><\/span>\n\t\t\t\t\t\t\t\t<span class=\"elementor-accordion-icon-opened\"><svg class=\"e-font-icon-svg e-fas-minus\" viewbox=\"0 0 448 512\" xmlns=\"http:\/\/www.w3.org\/2000\/svg\"><path d=\"M416 208H32c-17.67 0-32 14.33-32 32v32c0 17.67 14.33 32 32 32h384c17.67 0 32-14.33 32-32v-32c0-17.67-14.33-32-32-32z\"><\/path><\/svg><\/span>\n\t\t\t\t\t\t\t\t\t\t\t\t\t\t<\/span>\n\t\t\t\t\t\t\t\t\t\t\t\t<a class=\"elementor-accordion-title\" tabindex=\"0\">International Trade<\/a>\n\t\t\t\t\t<\/div>\n\t\t\t\t\t<div id=\"elementor-tab-content-5842\" class=\"elementor-tab-content elementor-clearfix\" data-tab=\"2\" role=\"region\" aria-labelledby=\"elementor-tab-title-5842\"><p>Representing the national avocado industry, we played a substantial role in the legal defense strategy that Mexico raised before the WTO Dispute Settlement Body in case DS-524 Costa Rica - Measures Relating to the Importation of Fresh Avocados from Mexico, which resulted in a favorable resolution for our country.<\/p><p>We provided advisory services to the European Commission and the United Kingdom government to identify opportunities for economic and commercial complementarity and to analyze the Mexican legal framework on various international trade issues, such as sanitary and phytosanitary measures and intellectual property.<\/p><p>We successfully advised several companies in the management and obtention of trade promotion certifications such as IMMEX in the services modality, particularly in the sector of the production and export of infant food.<\/p><\/div>\n\t\t\t\t<\/div>\n\t\t\t\t\t\t\t<div class=\"elementor-accordion-item\">\n\t\t\t\t\t<div id=\"elementor-tab-title-5843\" class=\"elementor-tab-title\" data-tab=\"3\" role=\"button\" aria-controls=\"elementor-tab-content-5843\" aria-expanded=\"false\">\n\t\t\t\t\t\t\t\t\t\t\t\t\t<span class=\"elementor-accordion-icon elementor-accordion-icon-left\" aria-hidden=\"true\">\n\t\t\t\t\t\t\t\t\t\t\t\t\t\t\t<span class=\"elementor-accordion-icon-closed\"><svg class=\"e-font-icon-svg e-fas-plus\" viewbox=\"0 0 448 512\" xmlns=\"http:\/\/www.w3.org\/2000\/svg\"><path d=\"M416 208H272V64c0-17.67-14.33-32-32-32h-32c-17.67 0-32 14.33-32 32v144H32c-17.67 0-32 14.33-32 32v32c0 17.67 14.33 32 32 32h144v144c0 17.67 14.33 32 32 32h32c17.67 0 32-14.33 32-32V304h144c17.67 0 32-14.33 32-32v-32c0-17.67-14.33-32-32-32z\"><\/path><\/svg><\/span>\n\t\t\t\t\t\t\t\t<span class=\"elementor-accordion-icon-opened\"><svg class=\"e-font-icon-svg e-fas-minus\" viewbox=\"0 0 448 512\" xmlns=\"http:\/\/www.w3.org\/2000\/svg\"><path d=\"M416 208H32c-17.67 0-32 14.33-32 32v32c0 17.67 14.33 32 32 32h384c17.67 0 32-14.33 32-32v-32c0-17.67-14.33-32-32-32z\"><\/path><\/svg><\/span>\n\t\t\t\t\t\t\t\t\t\t\t\t\t\t<\/span>\n\t\t\t\t\t\t\t\t\t\t\t\t<a class=\"elementor-accordion-title\" tabindex=\"0\">Intellectual Property<\/a>\n\t\t\t\t\t<\/div>\n\t\t\t\t\t<div id=\"elementor-tab-content-5843\" class=\"elementor-tab-content elementor-clearfix\" data-tab=\"3\" role=\"region\" aria-labelledby=\"elementor-tab-title-5843\"><p>We advocated for the right to use common food names through participation in international trade negotiations involving various countries (Mexico, Chile, New Zealand, Australia, Mercosur) with the European Union, specifically concerning the protection of geographical indications and appellations of origin.<\/p><p>In the context of the modernization negotiations of the Free Trade Agreement between the European Union and Mexico (EUMFTA), we succeeded in having the Mexican government recognize that the term \u201cManchego cheese\u201d is generic as it refers to a type of cow\u2019s milk cheese produced in Mexico or third countries, thus allowing manufacturers, importers, and marketers to continue using it freely in the Mexican market.<\/p><\/div>\n\t\t\t\t<\/div>\n\t\t\t\t\t\t\t\t<\/div>\n\t\t\t\t\t\t<\/div>\n\t\t\t\t<\/div>\n\t\t\t\t\t<\/div>\n\t\t<\/div>\n\t\t\t\t<div class=\"elementor-column elementor-col-50 elementor-top-column elementor-element elementor-element-b1ec11a\" data-id=\"b1ec11a\" data-element_type=\"column\">\n\t\t\t<div class=\"elementor-widget-wrap elementor-element-populated\">\n\t\t\t\t\t\t<div class=\"elementor-element elementor-element-48a7886 logros elementor-widget elementor-widget-accordion\" data-id=\"48a7886\" data-element_type=\"widget\" data-widget_type=\"accordion.default\">\n\t\t\t\t<div class=\"elementor-widget-container\">\n\t\t\t\t\t\t\t<div class=\"elementor-accordion\">\n\t\t\t\t\t\t\t<div class=\"elementor-accordion-item\">\n\t\t\t\t\t<div id=\"elementor-tab-title-7611\" class=\"elementor-tab-title\" data-tab=\"1\" role=\"button\" aria-controls=\"elementor-tab-content-7611\" aria-expanded=\"false\">\n\t\t\t\t\t\t\t\t\t\t\t\t\t<span class=\"elementor-accordion-icon elementor-accordion-icon-left\" aria-hidden=\"true\">\n\t\t\t\t\t\t\t\t\t\t\t\t\t\t\t<span class=\"elementor-accordion-icon-closed\"><svg class=\"e-font-icon-svg e-fas-plus\" viewbox=\"0 0 448 512\" xmlns=\"http:\/\/www.w3.org\/2000\/svg\"><path d=\"M416 208H272V64c0-17.67-14.33-32-32-32h-32c-17.67 0-32 14.33-32 32v144H32c-17.67 0-32 14.33-32 32v32c0 17.67 14.33 32 32 32h144v144c0 17.67 14.33 32 32 32h32c17.67 0 32-14.33 32-32V304h144c17.67 0 32-14.33 32-32v-32c0-17.67-14.33-32-32-32z\"><\/path><\/svg><\/span>\n\t\t\t\t\t\t\t\t<span class=\"elementor-accordion-icon-opened\"><svg class=\"e-font-icon-svg e-fas-minus\" viewbox=\"0 0 448 512\" xmlns=\"http:\/\/www.w3.org\/2000\/svg\"><path d=\"M416 208H32c-17.67 0-32 14.33-32 32v32c0 17.67 14.33 32 32 32h384c17.67 0 32-14.33 32-32v-32c0-17.67-14.33-32-32-32z\"><\/path><\/svg><\/span>\n\t\t\t\t\t\t\t\t\t\t\t\t\t\t<\/span>\n\t\t\t\t\t\t\t\t\t\t\t\t<a class=\"elementor-accordion-title\" tabindex=\"0\">Focused Litigation and compliance<\/a>\n\t\t\t\t\t<\/div>\n\t\t\t\t\t<div id=\"elementor-tab-content-7611\" class=\"elementor-tab-content elementor-clearfix\" data-tab=\"1\" role=\"region\" aria-labelledby=\"elementor-tab-title-7611\"><p>We successfully challenged administrative acts related to the application of NOM-051 on labeling, particularly regarding the prohibition of using brands on the labels of products subject to the new front labeling system.<\/p><p>We achieved a 95% success rate in the admission of lawsuits and granted amparos for the agroindustry concerning the prohibition of subcontracting specialized services for cutting, harvesting, and collecting as outlined in the Agreement establishing inspection criteria related to subcontracting in the export agroindustry, published in the Official Gazette of the Federation on November 14, 2022.<\/p><\/div>\n\t\t\t\t<\/div>\n\t\t\t\t\t\t\t<div class=\"elementor-accordion-item\">\n\t\t\t\t\t<div id=\"elementor-tab-title-7612\" class=\"elementor-tab-title\" data-tab=\"2\" role=\"button\" aria-controls=\"elementor-tab-content-7612\" aria-expanded=\"false\">\n\t\t\t\t\t\t\t\t\t\t\t\t\t<span class=\"elementor-accordion-icon elementor-accordion-icon-left\" aria-hidden=\"true\">\n\t\t\t\t\t\t\t\t\t\t\t\t\t\t\t<span class=\"elementor-accordion-icon-closed\"><svg class=\"e-font-icon-svg e-fas-plus\" viewbox=\"0 0 448 512\" xmlns=\"http:\/\/www.w3.org\/2000\/svg\"><path d=\"M416 208H272V64c0-17.67-14.33-32-32-32h-32c-17.67 0-32 14.33-32 32v144H32c-17.67 0-32 14.33-32 32v32c0 17.67 14.33 32 32 32h144v144c0 17.67 14.33 32 32 32h32c17.67 0 32-14.33 32-32V304h144c17.67 0 32-14.33 32-32v-32c0-17.67-14.33-32-32-32z\"><\/path><\/svg><\/span>\n\t\t\t\t\t\t\t\t<span class=\"elementor-accordion-icon-opened\"><svg class=\"e-font-icon-svg e-fas-minus\" viewbox=\"0 0 448 512\" xmlns=\"http:\/\/www.w3.org\/2000\/svg\"><path d=\"M416 208H32c-17.67 0-32 14.33-32 32v32c0 17.67 14.33 32 32 32h384c17.67 0 32-14.33 32-32v-32c0-17.67-14.33-32-32-32z\"><\/path><\/svg><\/span>\n\t\t\t\t\t\t\t\t\t\t\t\t\t\t<\/span>\n\t\t\t\t\t\t\t\t\t\t\t\t<a class=\"elementor-accordion-title\" tabindex=\"0\">Lobbying and Parliamentary Affairs<\/a>\n\t\t\t\t\t<\/div>\n\t\t\t\t\t<div id=\"elementor-tab-content-7612\" class=\"elementor-tab-content elementor-clearfix\" data-tab=\"2\" role=\"region\" aria-labelledby=\"elementor-tab-title-7612\"><p>We participated and achieved the incorporation of our clients\u2019 proposals into the legislative discussions of the Quality Infrastructure Law and its corresponding regulations.<\/p><p>We formulated comments and recommendations on the draft Regulations of the Federal Law for the Protection to Industrial Property.<\/p><\/div>\n\t\t\t\t<\/div>\n\t\t\t\t\t\t\t\t<\/div>\n\t\t\t\t\t\t<\/div>\n\t\t\t\t<\/div>\n\t\t\t\t\t<\/div>\n\t\t<\/div>\n\t\t\t\t\t<\/div>\n\t\t<\/section>\n\t\t\t\t<section class=\"elementor-section elementor-top-section elementor-element elementor-element-02eec04 elementor-section-boxed elementor-section-height-default elementor-section-height-default\" data-id=\"02eec04\" data-element_type=\"section\">\n\t\t\t\t\t\t<div class=\"elementor-container elementor-column-gap-default\">\n\t\t\t\t\t<div class=\"elementor-column elementor-col-100 elementor-top-column elementor-element elementor-element-7b8be84\" data-id=\"7b8be84\" data-element_type=\"column\">\n\t\t\t<div class=\"elementor-widget-wrap elementor-element-populated\">\n\t\t\t\t\t\t<div class=\"elementor-element elementor-element-458ec1d elementor-widget elementor-widget-spacer\" data-id=\"458ec1d\" data-element_type=\"widget\" data-widget_type=\"spacer.default\">\n\t\t\t\t<div class=\"elementor-widget-container\">\n\t\t\t\t\t\t\t<div class=\"elementor-spacer\">\n\t\t\t<div class=\"elementor-spacer-inner\"><\/div>\n\t\t<\/div>\n\t\t\t\t\t\t<\/div>\n\t\t\t\t<\/div>\n\t\t\t\t\t<\/div>\n\t\t<\/div>\n\t\t\t\t\t<\/div>\n\t\t<\/section>\n\t\t\t\t<\/div>","protected":false},"excerpt":{"rendered":"Derecho Regulatorio Logramos que las preocupaciones e intereses de nuestros clientes, se vean reflejados positivamente en diversos instrumentos jur\u00eddicos, utilizando en su beneficio las disciplinas previstas en el marco jur\u00eddico en materia de normalizaci\u00f3n, como en el de mejora regulatoria, destacando: La modificaci\u00f3n a la Norma Oficial Mexicana NOM-051-SCFI\/SSA1-2010, Especificaciones generales de etiquetado para alimentos","protected":false},"author":1,"featured_media":2371,"parent":0,"menu_order":0,"comment_status":"closed","ping_status":"closed","template":"elementor_header_footer","meta":{"footnotes":""},"class_list":["post-2368","page","type-page","status-publish","has-post-thumbnail","hentry"],"yoast_head":"<!-- This site is optimized with the Yoast SEO plugin v26.6 - https:\/\/yoast.com\/wordpress\/plugins\/seo\/ -->\n<title>Logros Recientes - Dorantes Advisors<\/title>\n<meta name=\"description\" content=\"Casos de \u00e9xito en litigio, comercio exterior y negociaciones internacionales que respaldan nuestra excelencia legal.\" \/>\n<meta name=\"robots\" content=\"index, follow, max-snippet:-1, max-image-preview:large, max-video-preview:-1\" \/>\n<link rel=\"canonical\" href=\"https:\/\/dorantesadvisors.com\/en\/logros-recientes\/\" \/>\n<meta property=\"og:locale\" content=\"en_US\" \/>\n<meta property=\"og:type\" content=\"article\" \/>\n<meta property=\"og:title\" content=\"Logros Recientes - Dorantes Advisors\" \/>\n<meta property=\"og:description\" content=\"Casos de \u00e9xito en litigio, comercio exterior y negociaciones internacionales que respaldan nuestra excelencia legal.\" \/>\n<meta property=\"og:url\" content=\"https:\/\/dorantesadvisors.com\/en\/logros-recientes\/\" \/>\n<meta property=\"og:site_name\" content=\"Dorantes Advisors\" \/>\n<meta property=\"article:modified_time\" content=\"2025-12-19T19:26:57+00:00\" \/>\n<meta property=\"og:image\" content=\"https:\/\/dorantesadvisors.com\/wp-content\/uploads\/2024\/10\/pexels-fauxels-3184416.webp\" \/>\n\t<meta property=\"og:image:width\" content=\"1920\" \/>\n\t<meta property=\"og:image:height\" content=\"1280\" \/>\n\t<meta property=\"og:image:type\" content=\"image\/webp\" \/>\n<meta name=\"twitter:card\" content=\"summary_large_image\" \/>\n<meta name=\"twitter:label1\" content=\"Est. reading time\" \/>\n\t<meta name=\"twitter:data1\" content=\"4 minutes\" \/>\n<script type=\"application\/ld+json\" class=\"yoast-schema-graph\">{\"@context\":\"https:\/\/schema.org\",\"@graph\":[{\"@type\":\"WebPage\",\"@id\":\"https:\/\/dorantesadvisors.com\/logros-recientes\/\",\"url\":\"https:\/\/dorantesadvisors.com\/logros-recientes\/\",\"name\":\"Logros Recientes - Dorantes Advisors\",\"isPartOf\":{\"@id\":\"https:\/\/dorantesadvisors.com\/#website\"},\"primaryImageOfPage\":{\"@id\":\"https:\/\/dorantesadvisors.com\/logros-recientes\/#primaryimage\"},\"image\":{\"@id\":\"https:\/\/dorantesadvisors.com\/logros-recientes\/#primaryimage\"},\"thumbnailUrl\":\"https:\/\/dorantesadvisors.com\/wp-content\/uploads\/2024\/10\/pexels-fauxels-3184416.webp\",\"datePublished\":\"2024-10-09T01:12:45+00:00\",\"dateModified\":\"2025-12-19T19:26:57+00:00\",\"description\":\"Casos de \u00e9xito en litigio, comercio exterior y negociaciones internacionales que respaldan nuestra excelencia legal.\",\"breadcrumb\":{\"@id\":\"https:\/\/dorantesadvisors.com\/logros-recientes\/#breadcrumb\"},\"inLanguage\":\"en-US\",\"potentialAction\":[{\"@type\":\"ReadAction\",\"target\":[\"https:\/\/dorantesadvisors.com\/logros-recientes\/\"]}]},{\"@type\":\"ImageObject\",\"inLanguage\":\"en-US\",\"@id\":\"https:\/\/dorantesadvisors.com\/logros-recientes\/#primaryimage\",\"url\":\"https:\/\/dorantesadvisors.com\/wp-content\/uploads\/2024\/10\/pexels-fauxels-3184416.webp\",\"contentUrl\":\"https:\/\/dorantesadvisors.com\/wp-content\/uploads\/2024\/10\/pexels-fauxels-3184416.webp\",\"width\":1920,\"height\":1280},{\"@type\":\"BreadcrumbList\",\"@id\":\"https:\/\/dorantesadvisors.com\/logros-recientes\/#breadcrumb\",\"itemListElement\":[{\"@type\":\"ListItem\",\"position\":1,\"name\":\"Inicio\",\"item\":\"https:\/\/dorantesadvisors.com\/\"},{\"@type\":\"ListItem\",\"position\":2,\"name\":\"Logros Recientes\"}]},{\"@type\":\"WebSite\",\"@id\":\"https:\/\/dorantesadvisors.com\/#website\",\"url\":\"https:\/\/dorantesadvisors.com\/\",\"name\":\"Dorantes Advisors\",\"description\":\"Derecho y Asuntos Internacionales\",\"potentialAction\":[{\"@type\":\"SearchAction\",\"target\":{\"@type\":\"EntryPoint\",\"urlTemplate\":\"https:\/\/dorantesadvisors.com\/?s={search_term_string}\"},\"query-input\":{\"@type\":\"PropertyValueSpecification\",\"valueRequired\":true,\"valueName\":\"search_term_string\"}}],\"inLanguage\":\"en-US\"}]}<\/script>\n<!-- \/ Yoast SEO plugin. -->","yoast_head_json":{"title":"Logros Recientes - Dorantes Advisors","description":"Casos de \u00e9xito en litigio, comercio exterior y negociaciones internacionales que respaldan nuestra excelencia legal.","robots":{"index":"index","follow":"follow","max-snippet":"max-snippet:-1","max-image-preview":"max-image-preview:large","max-video-preview":"max-video-preview:-1"},"canonical":"https:\/\/dorantesadvisors.com\/en\/logros-recientes\/","og_locale":"en_US","og_type":"article","og_title":"Logros Recientes - Dorantes Advisors","og_description":"Casos de \u00e9xito en litigio, comercio exterior y negociaciones internacionales que respaldan nuestra excelencia legal.","og_url":"https:\/\/dorantesadvisors.com\/en\/logros-recientes\/","og_site_name":"Dorantes Advisors","article_modified_time":"2025-12-19T19:26:57+00:00","og_image":[{"width":1920,"height":1280,"url":"https:\/\/dorantesadvisors.com\/wp-content\/uploads\/2024\/10\/pexels-fauxels-3184416.webp","type":"image\/webp"}],"twitter_card":"summary_large_image","twitter_misc":{"Est. reading time":"4 minutes"},"schema":{"@context":"https:\/\/schema.org","@graph":[{"@type":"WebPage","@id":"https:\/\/dorantesadvisors.com\/logros-recientes\/","url":"https:\/\/dorantesadvisors.com\/logros-recientes\/","name":"Logros Recientes - Dorantes Advisors","isPartOf":{"@id":"https:\/\/dorantesadvisors.com\/#website"},"primaryImageOfPage":{"@id":"https:\/\/dorantesadvisors.com\/logros-recientes\/#primaryimage"},"image":{"@id":"https:\/\/dorantesadvisors.com\/logros-recientes\/#primaryimage"},"thumbnailUrl":"https:\/\/dorantesadvisors.com\/wp-content\/uploads\/2024\/10\/pexels-fauxels-3184416.webp","datePublished":"2024-10-09T01:12:45+00:00","dateModified":"2025-12-19T19:26:57+00:00","description":"Casos de \u00e9xito en litigio, comercio exterior y negociaciones internacionales que respaldan nuestra excelencia legal.","breadcrumb":{"@id":"https:\/\/dorantesadvisors.com\/logros-recientes\/#breadcrumb"},"inLanguage":"en-US","potentialAction":[{"@type":"ReadAction","target":["https:\/\/dorantesadvisors.com\/logros-recientes\/"]}]},{"@type":"ImageObject","inLanguage":"en-US","@id":"https:\/\/dorantesadvisors.com\/logros-recientes\/#primaryimage","url":"https:\/\/dorantesadvisors.com\/wp-content\/uploads\/2024\/10\/pexels-fauxels-3184416.webp","contentUrl":"https:\/\/dorantesadvisors.com\/wp-content\/uploads\/2024\/10\/pexels-fauxels-3184416.webp","width":1920,"height":1280},{"@type":"BreadcrumbList","@id":"https:\/\/dorantesadvisors.com\/logros-recientes\/#breadcrumb","itemListElement":[{"@type":"ListItem","position":1,"name":"Inicio","item":"https:\/\/dorantesadvisors.com\/"},{"@type":"ListItem","position":2,"name":"Logros Recientes"}]},{"@type":"WebSite","@id":"https:\/\/dorantesadvisors.com\/#website","url":"https:\/\/dorantesadvisors.com\/","name":"Dorantes Advisors","description":"Derecho y Asuntos Internacionales","potentialAction":[{"@type":"SearchAction","target":{"@type":"EntryPoint","urlTemplate":"https:\/\/dorantesadvisors.com\/?s={search_term_string}"},"query-input":{"@type":"PropertyValueSpecification","valueRequired":true,"valueName":"search_term_string"}}],"inLanguage":"en-US"}]}},"_links":{"self":[{"href":"https:\/\/dorantesadvisors.com\/en\/wp-json\/wp\/v2\/pages\/2368","targetHints":{"allow":["GET"]}}],"collection":[{"href":"https:\/\/dorantesadvisors.com\/en\/wp-json\/wp\/v2\/pages"}],"about":[{"href":"https:\/\/dorantesadvisors.com\/en\/wp-json\/wp\/v2\/types\/page"}],"author":[{"embeddable":true,"href":"https:\/\/dorantesadvisors.com\/en\/wp-json\/wp\/v2\/users\/1"}],"replies":[{"embeddable":true,"href":"https:\/\/dorantesadvisors.com\/en\/wp-json\/wp\/v2\/comments?post=2368"}],"version-history":[{"count":27,"href":"https:\/\/dorantesadvisors.com\/en\/wp-json\/wp\/v2\/pages\/2368\/revisions"}],"predecessor-version":[{"id":4094,"href":"https:\/\/dorantesadvisors.com\/en\/wp-json\/wp\/v2\/pages\/2368\/revisions\/4094"}],"wp:featuredmedia":[{"embeddable":true,"href":"https:\/\/dorantesadvisors.com\/en\/wp-json\/wp\/v2\/media\/2371"}],"wp:attachment":[{"href":"https:\/\/dorantesadvisors.com\/en\/wp-json\/wp\/v2\/media?parent=2368"}],"curies":[{"name":"wp","href":"https:\/\/api.w.org\/{rel}","templated":true}]}}